{"id":2159,"date":"2013-09-20T05:42:10","date_gmt":"2013-09-20T05:42:10","guid":{"rendered":"https:\/\/www.casaoceanocostarica.com\/guest-master-suite\/"},"modified":"2019-12-14T07:03:33","modified_gmt":"2019-12-14T13:03:33","slug":"la-master-suite-secundaria","status":"publish","type":"page","link":"https:\/\/www.casaoceanocostarica.com\/es\/la-master-suite-secundaria\/","title":{"rendered":"La m\u00e1ster suite secundaria"},"content":{"rendered":"\t\t<div data-elementor-type=\"wp-post\" data-elementor-id=\"2159\" class=\"elementor elementor-2159 elementor-20\" data-elementor-settings=\"{&quot;element_pack_global_tooltip_width&quot;:{&quot;unit&quot;:&quot;px&quot;,&quot;size&quot;:&quot;&quot;,&quot;sizes&quot;:[]},&quot;element_pack_global_tooltip_width_tablet&quot;:{&quot;unit&quot;:&quot;px&quot;,&quot;size&quot;:&quot;&quot;,&quot;sizes&quot;:[]},&quot;element_pack_global_tooltip_width_mobile&quot;:{&quot;unit&quot;:&quot;px&quot;,&quot;size&quot;:&quot;&quot;,&quot;sizes&quot;:[]},&quot;element_pack_global_tooltip_padding&quot;:{&quot;unit&quot;:&quot;px&quot;,&quot;top&quot;:&quot;&quot;,&quot;right&quot;:&quot;&quot;,&quot;bottom&quot;:&quot;&quot;,&quot;left&quot;:&quot;&quot;,&quot;isLinked&quot;:true},&quot;element_pack_global_tooltip_padding_tablet&quot;:{&quot;unit&quot;:&quot;px&quot;,&quot;top&quot;:&quot;&quot;,&quot;right&quot;:&quot;&quot;,&quot;bottom&quot;:&quot;&quot;,&quot;left&quot;:&quot;&quot;,&quot;isLinked&quot;:true},&quot;element_pack_global_tooltip_padding_mobile&quot;:{&quot;unit&quot;:&quot;px&quot;,&quot;top&quot;:&quot;&quot;,&quot;right&quot;:&quot;&quot;,&quot;bottom&quot;:&quot;&quot;,&quot;left&quot;:&quot;&quot;,&quot;isLinked&quot;:true},&quot;element_pack_global_tooltip_border_radius&quot;:{&quot;unit&quot;:&quot;px&quot;,&quot;top&quot;:&quot;&quot;,&quot;right&quot;:&quot;&quot;,&quot;bottom&quot;:&quot;&quot;,&quot;left&quot;:&quot;&quot;,&quot;isLinked&quot;:true},&quot;element_pack_global_tooltip_border_radius_tablet&quot;:{&quot;unit&quot;:&quot;px&quot;,&quot;top&quot;:&quot;&quot;,&quot;right&quot;:&quot;&quot;,&quot;bottom&quot;:&quot;&quot;,&quot;left&quot;:&quot;&quot;,&quot;isLinked&quot;:true},&quot;element_pack_global_tooltip_border_radius_mobile&quot;:{&quot;unit&quot;:&quot;px&quot;,&quot;top&quot;:&quot;&quot;,&quot;right&quot;:&quot;&quot;,&quot;bottom&quot;:&quot;&quot;,&quot;left&quot;:&quot;&quot;,&quot;isLinked&quot;:true}}\" data-elementor-post-type=\"page\">\n\t\t\t\t\t\t<section class=\"elementor-section elementor-top-section elementor-element elementor-element-34c40398 elementor-section-content-middle elementor-section-boxed elementor-section-height-default elementor-section-height-default\" data-id=\"34c40398\" data-element_type=\"section\" data-settings=\"{&quot;background_background&quot;:&quot;classic&quot;,&quot;background_motion_fx_motion_fx_mouse&quot;:&quot;yes&quot;,&quot;background_motion_fx_mouseTrack_effect&quot;:&quot;yes&quot;,&quot;background_motion_fx_mouseTrack_speed&quot;:{&quot;unit&quot;:&quot;px&quot;,&quot;size&quot;:0,&quot;sizes&quot;:[]}}\">\n\t\t\t\t\t\t\t<div class=\"elementor-background-overlay\"><\/div>\n\t\t\t\t\t\t\t<div class=\"elementor-container elementor-column-gap-default\">\n\t\t\t\t\t<div class=\"elementor-column elementor-col-100 elementor-top-column elementor-element elementor-element-2e86339\" data-id=\"2e86339\" data-element_type=\"column\">\n\t\t\t<div class=\"elementor-widget-wrap elementor-element-populated\">\n\t\t\t\t\t\t<div class=\"elementor-element elementor-element-77ece1d9 elementor-widget elementor-widget-heading\" data-id=\"77ece1d9\" data-element_type=\"widget\" data-widget_type=\"heading.default\">\n\t\t\t\t<div class=\"elementor-widget-container\">\n\t\t\t\t\t<h1 class=\"elementor-heading-title elementor-size-default\">La m\u00e1ster suite secundaria<\/h1>\t\t\t\t<\/div>\n\t\t\t\t<\/div>\n\t\t\t\t<div class=\"elementor-element elementor-element-378d6b59 elementor-widget elementor-widget-text-editor\" data-id=\"378d6b59\" data-element_type=\"widget\" data-widget_type=\"text-editor.default\">\n\t\t\t\t<div class=\"elementor-widget-container\">\n\t\t\t\t\t\t\t\t\t<p>La m\u00e1ster suite secundaria tiene b\u00e1sicamente las mismas comodidades que la suite principal incluyendo el balc\u00f3n con vista al oc\u00e9ano, pero no tiene el patio trasero con vistas al jard\u00edn. Aproveche del flujo de ventilaci\u00f3n con la brisa del mar o, si lo prefiere, el aire acondicionado est\u00e1 disponible. La tina estilo jacuzzi tiene vistas al oc\u00e9ano y la playa. Durante la noche, disfrute televisi\u00f3n satelital con canales premium mientras descansa del d\u00eda.<\/p><p>Le m\u00e1ster suite secundaria tiene vista a la cubierta y a la playa desde el lado oeste de la villa y tiene una cama tama\u00f1o king.<\/p><p>Para aquellos que deben mantenerse en contacto durante su estad\u00eda en Casa Oc\u00e9ano pero no trajeron iPad u ordenador port\u00e1til, la m\u00e1ster suite secundaria cuenta con una estaci\u00f3n de computadora. O puede tener acceso a internet desde su propio dispositivo usando el sistema Wi-Fi de la villa.<\/p>\t\t\t\t\t\t\t\t<\/div>\n\t\t\t\t<\/div>\n\t\t\t\t<div class=\"elementor-element elementor-element-bf9c7a5 elementor-widget elementor-widget-bdt-advanced-image-gallery\" data-id=\"bf9c7a5\" data-element_type=\"widget\" data-widget_type=\"bdt-advanced-image-gallery.default\">\n\t\t\t\t<div class=\"elementor-widget-container\">\n\t\t\t\t\t\t\t<div id=\"bdt-avdg-bf9c7a5\" class=\"bdt-ep-advanced-image-gallery bdt-ep-advanced-image-gallery-skin-default bdt-grid bdt-grid-small bdt-child-width-1-1 bdt-child-width-1-2@s bdt-child-width-1-2@m\" data-bdt-grid=\"\" data-bdt-lightbox=\"animation: slide;\" data-settings=\"{&quot;id&quot;:&quot;#bdt-avdg-bf9c7a5&quot;,&quot;tiltShow&quot;:false}\">\n\t\t\t\n\t\t\t\t<div class=\"bdt-ep-advanced-image-gallery-item bdt-transition-toggle\">\n\t\t\t\t\t<div class=\"bdt-ep-advanced-image-gallery-inner\">\n\t\t\t\t\t\t<div class=\"bdt-ep-advanced-image-gallery-thumbnail bdt-transition-toggle\"><img fetchpriority=\"high\" decoding=\"async\" width=\"768\" height=\"481\" src=\"https:\/\/www.casaoceanocostarica.com\/wp-content\/uploads\/2017\/01\/guest-master-bedroom-1-768x481.jpg\" class=\"jgalleryImage\" alt=\"guest-master-bedroom-1\" srcset=\"https:\/\/www.casaoceanocostarica.com\/wp-content\/uploads\/2017\/01\/guest-master-bedroom-1-768x481.jpg 768w, https:\/\/www.casaoceanocostarica.com\/wp-content\/uploads\/2017\/01\/guest-master-bedroom-1-300x188.jpg 300w, https:\/\/www.casaoceanocostarica.com\/wp-content\/uploads\/2017\/01\/guest-master-bedroom-1-1024x641.jpg 1024w, https:\/\/www.casaoceanocostarica.com\/wp-content\/uploads\/2017\/01\/guest-master-bedroom-1.jpg 1200w\" sizes=\"(max-width: 768px) 100vw, 768px\" \/><\/div>\t\t<div class=\"bdt-position-cover bdt-overlay bdt-overlay-default bdt-transition-fade\">\n\t\t\t<div class=\"bdt-ep-advanced-image-gallery-content\">\n\t\t\t\t<div class=\"bdt-ep-advanced-image-gallery-content-inner\">\n\n\t\t\t\t\t\t\t\t\t\t\t\t\t\t\t\t<div class=\"bdt-flex-inline bdt-ep-advanced-image-gallery-item-link-wrapper\">\n\t\t\t\t\t\t\t<a class=\"bdt-ep-advanced-image-gallery-item-link elementor-clickable icon-type-icon \" data-elementor-open-lightbox=\"no\" data-caption=\"\" data-href=\"https:\/\/www.casaoceanocostarica.com\/wp-content\/uploads\/2017\/01\/guest-master-bedroom-1.jpg\">\n\t\t\t\t\t\t\t\t\n\t\t\t\t\t\t\t\t\t\t\t\t\t\t\t\t\t\t\t<span>\n\t\t\t\t\t\t\t\t\t\t\t<i class=\"ep-icon-plus-2\"><\/i>\n\t\t\t\t\t\t\t\t\t\t<\/span>\n\t\t\t\t\t\t\t\t\t\n\t\t\t\t\t\t\t\t\t\t\t\t\t\t\t<\/a>\n\t\t\t\t\t\t<\/div>\n\t\t\t\t\t\n\t\t\t\t\t\t\t\t\t<\/div>\n\t\t\t<\/div>\n\t\t<\/div>\n\t\t\t\t\t<\/div>\n\t\t\t\t\t\t\t\t\t<\/div>\n\n\t\t\t\n\t\t\t\t<div class=\"bdt-ep-advanced-image-gallery-item bdt-transition-toggle\">\n\t\t\t\t\t<div class=\"bdt-ep-advanced-image-gallery-inner\">\n\t\t\t\t\t\t<div class=\"bdt-ep-advanced-image-gallery-thumbnail bdt-transition-toggle\"><img decoding=\"async\" width=\"768\" height=\"484\" src=\"https:\/\/www.casaoceanocostarica.com\/wp-content\/uploads\/2017\/01\/guest-master-jacuzzi-768x484.jpg\" class=\"jgalleryImage\" alt=\"guest-master-jacuzzi\" srcset=\"https:\/\/www.casaoceanocostarica.com\/wp-content\/uploads\/2017\/01\/guest-master-jacuzzi-768x484.jpg 768w, https:\/\/www.casaoceanocostarica.com\/wp-content\/uploads\/2017\/01\/guest-master-jacuzzi-300x189.jpg 300w, https:\/\/www.casaoceanocostarica.com\/wp-content\/uploads\/2017\/01\/guest-master-jacuzzi-1024x645.jpg 1024w, https:\/\/www.casaoceanocostarica.com\/wp-content\/uploads\/2017\/01\/guest-master-jacuzzi.jpg 1200w\" sizes=\"(max-width: 768px) 100vw, 768px\" \/><\/div>\t\t<div class=\"bdt-position-cover bdt-overlay bdt-overlay-default bdt-transition-fade\">\n\t\t\t<div class=\"bdt-ep-advanced-image-gallery-content\">\n\t\t\t\t<div class=\"bdt-ep-advanced-image-gallery-content-inner\">\n\n\t\t\t\t\t\t\t\t\t\t\t\t\t\t\t\t<div class=\"bdt-flex-inline bdt-ep-advanced-image-gallery-item-link-wrapper\">\n\t\t\t\t\t\t\t<a class=\"bdt-ep-advanced-image-gallery-item-link elementor-clickable icon-type-icon \" data-elementor-open-lightbox=\"no\" data-caption=\"\" data-href=\"https:\/\/www.casaoceanocostarica.com\/wp-content\/uploads\/2017\/01\/guest-master-jacuzzi.jpg\">\n\t\t\t\t\t\t\t\t\n\t\t\t\t\t\t\t\t\t\t\t\t\t\t\t\t\t\t\t<span>\n\t\t\t\t\t\t\t\t\t\t\t<i class=\"ep-icon-plus-2\"><\/i>\n\t\t\t\t\t\t\t\t\t\t<\/span>\n\t\t\t\t\t\t\t\t\t\n\t\t\t\t\t\t\t\t\t\t\t\t\t\t\t<\/a>\n\t\t\t\t\t\t<\/div>\n\t\t\t\t\t\n\t\t\t\t\t\t\t\t\t<\/div>\n\t\t\t<\/div>\n\t\t<\/div>\n\t\t\t\t\t<\/div>\n\t\t\t\t\t\t\t\t\t<\/div>\n\n\t\t\t\n\t\t\t\t<div class=\"bdt-ep-advanced-image-gallery-item bdt-transition-toggle\">\n\t\t\t\t\t<div class=\"bdt-ep-advanced-image-gallery-inner\">\n\t\t\t\t\t\t<div class=\"bdt-ep-advanced-image-gallery-thumbnail bdt-transition-toggle\"><img decoding=\"async\" width=\"768\" height=\"492\" src=\"https:\/\/www.casaoceanocostarica.com\/wp-content\/uploads\/2017\/01\/guest-master-bathroom-768x492.jpg\" class=\"jgalleryImage\" alt=\"guest-master-bathroom\" srcset=\"https:\/\/www.casaoceanocostarica.com\/wp-content\/uploads\/2017\/01\/guest-master-bathroom-768x492.jpg 768w, https:\/\/www.casaoceanocostarica.com\/wp-content\/uploads\/2017\/01\/guest-master-bathroom-300x192.jpg 300w, https:\/\/www.casaoceanocostarica.com\/wp-content\/uploads\/2017\/01\/guest-master-bathroom-1024x655.jpg 1024w, https:\/\/www.casaoceanocostarica.com\/wp-content\/uploads\/2017\/01\/guest-master-bathroom.jpg 1200w\" sizes=\"(max-width: 768px) 100vw, 768px\" \/><\/div>\t\t<div class=\"bdt-position-cover bdt-overlay bdt-overlay-default bdt-transition-fade\">\n\t\t\t<div class=\"bdt-ep-advanced-image-gallery-content\">\n\t\t\t\t<div class=\"bdt-ep-advanced-image-gallery-content-inner\">\n\n\t\t\t\t\t\t\t\t\t\t\t\t\t\t\t\t<div class=\"bdt-flex-inline bdt-ep-advanced-image-gallery-item-link-wrapper\">\n\t\t\t\t\t\t\t<a class=\"bdt-ep-advanced-image-gallery-item-link elementor-clickable icon-type-icon \" data-elementor-open-lightbox=\"no\" data-caption=\"\" data-href=\"https:\/\/www.casaoceanocostarica.com\/wp-content\/uploads\/2017\/01\/guest-master-bathroom.jpg\">\n\t\t\t\t\t\t\t\t\n\t\t\t\t\t\t\t\t\t\t\t\t\t\t\t\t\t\t\t<span>\n\t\t\t\t\t\t\t\t\t\t\t<i class=\"ep-icon-plus-2\"><\/i>\n\t\t\t\t\t\t\t\t\t\t<\/span>\n\t\t\t\t\t\t\t\t\t\n\t\t\t\t\t\t\t\t\t\t\t\t\t\t\t<\/a>\n\t\t\t\t\t\t<\/div>\n\t\t\t\t\t\n\t\t\t\t\t\t\t\t\t<\/div>\n\t\t\t<\/div>\n\t\t<\/div>\n\t\t\t\t\t<\/div>\n\t\t\t\t\t\t\t\t\t<\/div>\n\n\t\t\t\n\t\t\t\t<div class=\"bdt-ep-advanced-image-gallery-item bdt-transition-toggle\">\n\t\t\t\t\t<div class=\"bdt-ep-advanced-image-gallery-inner\">\n\t\t\t\t\t\t<div class=\"bdt-ep-advanced-image-gallery-thumbnail bdt-transition-toggle\"><img loading=\"lazy\" decoding=\"async\" width=\"768\" height=\"484\" src=\"https:\/\/www.casaoceanocostarica.com\/wp-content\/uploads\/2017\/01\/guest-master-shower-768x484.jpg\" class=\"jgalleryImage\" alt=\"guest-master-shower\" srcset=\"https:\/\/www.casaoceanocostarica.com\/wp-content\/uploads\/2017\/01\/guest-master-shower-768x484.jpg 768w, https:\/\/www.casaoceanocostarica.com\/wp-content\/uploads\/2017\/01\/guest-master-shower-300x189.jpg 300w, https:\/\/www.casaoceanocostarica.com\/wp-content\/uploads\/2017\/01\/guest-master-shower-1024x645.jpg 1024w, https:\/\/www.casaoceanocostarica.com\/wp-content\/uploads\/2017\/01\/guest-master-shower.jpg 1200w\" sizes=\"(max-width: 768px) 100vw, 768px\" \/><\/div>\t\t<div class=\"bdt-position-cover bdt-overlay bdt-overlay-default bdt-transition-fade\">\n\t\t\t<div class=\"bdt-ep-advanced-image-gallery-content\">\n\t\t\t\t<div class=\"bdt-ep-advanced-image-gallery-content-inner\">\n\n\t\t\t\t\t\t\t\t\t\t\t\t\t\t\t\t<div class=\"bdt-flex-inline bdt-ep-advanced-image-gallery-item-link-wrapper\">\n\t\t\t\t\t\t\t<a class=\"bdt-ep-advanced-image-gallery-item-link elementor-clickable icon-type-icon \" data-elementor-open-lightbox=\"no\" data-caption=\"\" data-href=\"https:\/\/www.casaoceanocostarica.com\/wp-content\/uploads\/2017\/01\/guest-master-shower.jpg\">\n\t\t\t\t\t\t\t\t\n\t\t\t\t\t\t\t\t\t\t\t\t\t\t\t\t\t\t\t<span>\n\t\t\t\t\t\t\t\t\t\t\t<i class=\"ep-icon-plus-2\"><\/i>\n\t\t\t\t\t\t\t\t\t\t<\/span>\n\t\t\t\t\t\t\t\t\t\n\t\t\t\t\t\t\t\t\t\t\t\t\t\t\t<\/a>\n\t\t\t\t\t\t<\/div>\n\t\t\t\t\t\n\t\t\t\t\t\t\t\t\t<\/div>\n\t\t\t<\/div>\n\t\t<\/div>\n\t\t\t\t\t<\/div>\n\t\t\t\t\t\t\t\t\t<\/div>\n\n\t\t\t\t\t<\/div>\n\t\t\t\t\t<\/div>\n\t\t\t\t<\/div>\n\t\t\t\t<div class=\"elementor-element elementor-element-ebbb49a elementor-align-center elementor-widget elementor-widget-global elementor-global-1540 elementor-widget-bdt-advanced-button\" data-id=\"ebbb49a\" data-element_type=\"widget\" data-widget_type=\"bdt-advanced-button.default\">\n\t\t\t\t<div class=\"elementor-widget-container\">\n\t\t\t\t\t\t\t<div class=\"bdt-ep-button-wrapper\">\n\t\t\t<a href=\"https:\/\/www.casaoceanocostarica.com\/es\/reservaciones\/\" class=\"bdt-ep-button bdt-ep-button-effect-e bdt-ep-button-size-md elementor-animation-float\">\n\t\t\t\t\t\t<div class=\"bdt-ep-button-content-wrapper bdt-flex bdt-flex-middle bdt-flex-center  \" data-text=\"Reservar ahora\">\n\t\t\t\n\t\t\t<div class=\"bdt-ep-button-text\">\n\n\t\t\t\t<span class=\"avdbtn-text\">\n\t\t\t\t\tReservar ahora\t\t\t\t<\/span>\n\n\t\t\t\t\t\t\t<\/div>\n\n\t\t\t\n\t\t<\/div>\n\t\t\t\t\t<\/a>\n\t\t<\/div>\n\t\t\t\t\t\t<\/div>\n\t\t\t\t<\/div>\n\t\t\t\t\t<\/div>\n\t\t<\/div>\n\t\t\t\t\t<\/div>\n\t\t<\/section>\n\t\t\t\t<section class=\"elementor-section elementor-top-section elementor-element elementor-element-6eaea72 elementor-section-boxed elementor-section-height-default elementor-section-height-default\" data-id=\"6eaea72\" data-element_type=\"section\">\n\t\t\t\t\t\t<div class=\"elementor-container elementor-column-gap-default\">\n\t\t\t\t\t<div class=\"elementor-column elementor-col-100 elementor-top-column elementor-element elementor-element-be63466\" data-id=\"be63466\" data-element_type=\"column\">\n\t\t\t<div class=\"elementor-widget-wrap elementor-element-populated\">\n\t\t\t\t\t\t<div class=\"elementor-element elementor-element-60abf47 elementor-widget elementor-widget-spacer\" data-id=\"60abf47\" data-element_type=\"widget\" data-widget_type=\"spacer.default\">\n\t\t\t\t<div class=\"elementor-widget-container\">\n\t\t\t\t\t\t\t<div class=\"elementor-spacer\">\n\t\t\t<div class=\"elementor-spacer-inner\"><\/div>\n\t\t<\/div>\n\t\t\t\t\t\t<\/div>\n\t\t\t\t<\/div>\n\t\t\t\t<div class=\"elementor-element elementor-element-d9d6647 elementor-widget elementor-widget-heading\" data-id=\"d9d6647\" data-element_type=\"widget\" data-widget_type=\"heading.default\">\n\t\t\t\t<div class=\"elementor-widget-container\">\n\t\t\t\t\t<h2 class=\"elementor-heading-title elementor-size-default\">\u00bfNecesita m\u00e1s informaci\u00f3n?<\/h2>\t\t\t\t<\/div>\n\t\t\t\t<\/div>\n\t\t\t\t<div class=\"elementor-element elementor-element-194f89c2 elementor-align-center elementor-widget elementor-widget-global elementor-global-1681 elementor-widget-button\" data-id=\"194f89c2\" data-element_type=\"widget\" data-widget_type=\"button.default\">\n\t\t\t\t<div class=\"elementor-widget-container\">\n\t\t\t\t\t\t\t\t\t<div class=\"elementor-button-wrapper\">\n\t\t\t\t\t<a class=\"elementor-button elementor-button-link elementor-size-sm elementor-animation-grow\" href=\"https:\/\/www.casaoceanocostarica.com\/es\/reservaciones\/\">\n\t\t\t\t\t\t<span class=\"elementor-button-content-wrapper\">\n\t\t\t\t\t\t\t\t\t<span class=\"elementor-button-text\">P\u00f3ngase en contacto<\/span>\n\t\t\t\t\t<\/span>\n\t\t\t\t\t<\/a>\n\t\t\t\t<\/div>\n\t\t\t\t\t\t\t\t<\/div>\n\t\t\t\t<\/div>\n\t\t\t\t\t<\/div>\n\t\t<\/div>\n\t\t\t\t\t<\/div>\n\t\t<\/section>\n\t\t\t\t<\/div>\n\t\t","protected":false},"excerpt":{"rendered":"<p>La m\u00e1ster suite secundaria La m\u00e1ster suite secundaria tiene b\u00e1sicamente las mismas comodidades que la suite principal incluyendo el balc\u00f3n con vista al oc\u00e9ano, pero no tiene el patio trasero con vistas al jard\u00edn. Aproveche del flujo de ventilaci\u00f3n con la brisa del mar o, si lo prefiere, el aire acondicionado est\u00e1 disponible. La tina [&hellip;]<\/p>\n","protected":false},"author":2,"featured_media":0,"parent":0,"menu_order":0,"comment_status":"closed","ping_status":"closed","template":"elementor_header_footer","meta":{"footnotes":""},"class_list":["post-2159","page","type-page","status-publish","hentry"],"yoast_head":"<!-- This site is optimized with the Yoast SEO plugin v25.4 - https:\/\/yoast.com\/wordpress\/plugins\/seo\/ -->\n<title>Master suite secundaria, Costa Rica alquiler de vacaciones casa de playa \/ villa - alquiler de vacaciones en la playa, casa de lujo frente al mar, jacuzzi, lo mejor de alquiler de vacaciones en la playa en Costa Rica<\/title>\n<meta name=\"description\" content=\"Habitaciones de hu\u00e9spedes con ba\u00f1eras de hidromasaje y jacuzzi en Casa Oceano, Tango Mar Resort, Costa Rica: una lujosa propiedad de alquiler de vacaciones en la playa adecuada para retiros ejecutivos, vacaciones familiares en la playa o luna de miel privada, villa frente al mar.\" \/>\n<meta name=\"robots\" content=\"index, follow, max-snippet:-1, max-image-preview:large, max-video-preview:-1\" \/>\n<link rel=\"canonical\" href=\"https:\/\/www.casaoceanocostarica.com\/es\/la-master-suite-secundaria\/\" \/>\n<meta property=\"og:locale\" content=\"es_ES\" \/>\n<meta property=\"og:type\" content=\"article\" \/>\n<meta property=\"og:title\" content=\"Master suite secundaria, Costa Rica alquiler de vacaciones casa de playa \/ villa - alquiler de vacaciones en la playa, casa de lujo frente al mar, jacuzzi, lo mejor de alquiler de vacaciones en la playa en Costa Rica\" \/>\n<meta property=\"og:description\" content=\"Habitaciones de hu\u00e9spedes con ba\u00f1eras de hidromasaje y jacuzzi en Casa Oceano, Tango Mar Resort, Costa Rica: una lujosa propiedad de alquiler de vacaciones en la playa adecuada para retiros ejecutivos, vacaciones familiares en la playa o luna de miel privada, villa frente al mar.\" \/>\n<meta property=\"og:url\" content=\"https:\/\/www.casaoceanocostarica.com\/es\/la-master-suite-secundaria\/\" \/>\n<meta property=\"og:site_name\" content=\"Casa Oceano\" \/>\n<meta property=\"article:modified_time\" content=\"2019-12-14T13:03:33+00:00\" \/>\n<meta property=\"og:image\" content=\"https:\/\/www.casaoceanocostarica.com\/wp-content\/uploads\/2017\/01\/guest-master-bedroom-1-768x481.jpg\" \/>\n<meta name=\"twitter:label1\" content=\"Tiempo de lectura\" \/>\n\t<meta name=\"twitter:data1\" content=\"1 minuto\" \/>\n<script type=\"application\/ld+json\" class=\"yoast-schema-graph\">{\"@context\":\"https:\/\/schema.org\",\"@graph\":[{\"@type\":\"WebPage\",\"@id\":\"https:\/\/www.casaoceanocostarica.com\/es\/la-master-suite-secundaria\/\",\"url\":\"https:\/\/www.casaoceanocostarica.com\/es\/la-master-suite-secundaria\/\",\"name\":\"Master suite secundaria, Costa Rica alquiler de vacaciones casa de playa \/ villa - alquiler de vacaciones en la playa, casa de lujo frente al mar, jacuzzi, lo mejor de alquiler de vacaciones en la playa en Costa Rica\",\"isPartOf\":{\"@id\":\"https:\/\/www.casaoceanocostarica.com\/#website\"},\"primaryImageOfPage\":{\"@id\":\"https:\/\/www.casaoceanocostarica.com\/es\/la-master-suite-secundaria\/#primaryimage\"},\"image\":{\"@id\":\"https:\/\/www.casaoceanocostarica.com\/es\/la-master-suite-secundaria\/#primaryimage\"},\"thumbnailUrl\":\"https:\/\/www.casaoceanocostarica.com\/wp-content\/uploads\/2017\/01\/guest-master-bedroom-1-768x481.jpg\",\"datePublished\":\"2013-09-20T05:42:10+00:00\",\"dateModified\":\"2019-12-14T13:03:33+00:00\",\"description\":\"Habitaciones de hu\u00e9spedes con ba\u00f1eras de hidromasaje y jacuzzi en Casa Oceano, Tango Mar Resort, Costa Rica: una lujosa propiedad de alquiler de vacaciones en la playa adecuada para retiros ejecutivos, vacaciones familiares en la playa o luna de miel privada, villa frente al mar.\",\"breadcrumb\":{\"@id\":\"https:\/\/www.casaoceanocostarica.com\/es\/la-master-suite-secundaria\/#breadcrumb\"},\"inLanguage\":\"es\",\"potentialAction\":[{\"@type\":\"ReadAction\",\"target\":[\"https:\/\/www.casaoceanocostarica.com\/es\/la-master-suite-secundaria\/\"]}]},{\"@type\":\"ImageObject\",\"inLanguage\":\"es\",\"@id\":\"https:\/\/www.casaoceanocostarica.com\/es\/la-master-suite-secundaria\/#primaryimage\",\"url\":\"https:\/\/www.casaoceanocostarica.com\/wp-content\/uploads\/2017\/01\/guest-master-bedroom-1-768x481.jpg\",\"contentUrl\":\"https:\/\/www.casaoceanocostarica.com\/wp-content\/uploads\/2017\/01\/guest-master-bedroom-1-768x481.jpg\"},{\"@type\":\"BreadcrumbList\",\"@id\":\"https:\/\/www.casaoceanocostarica.com\/es\/la-master-suite-secundaria\/#breadcrumb\",\"itemListElement\":[{\"@type\":\"ListItem\",\"position\":1,\"name\":\"Home\",\"item\":\"https:\/\/www.casaoceanocostarica.com\/es\/\"},{\"@type\":\"ListItem\",\"position\":2,\"name\":\"La m\u00e1ster suite secundaria\"}]},{\"@type\":\"WebSite\",\"@id\":\"https:\/\/www.casaoceanocostarica.com\/#website\",\"url\":\"https:\/\/www.casaoceanocostarica.com\/\",\"name\":\"Casa Oceano\",\"description\":\"\",\"potentialAction\":[{\"@type\":\"SearchAction\",\"target\":{\"@type\":\"EntryPoint\",\"urlTemplate\":\"https:\/\/www.casaoceanocostarica.com\/?s={search_term_string}\"},\"query-input\":{\"@type\":\"PropertyValueSpecification\",\"valueRequired\":true,\"valueName\":\"search_term_string\"}}],\"inLanguage\":\"es\"}]}<\/script>\n<!-- \/ Yoast SEO plugin. -->","yoast_head_json":{"title":"Master suite secundaria, Costa Rica alquiler de vacaciones casa de playa \/ villa - alquiler de vacaciones en la playa, casa de lujo frente al mar, jacuzzi, lo mejor de alquiler de vacaciones en la playa en Costa Rica","description":"Habitaciones de hu\u00e9spedes con ba\u00f1eras de hidromasaje y jacuzzi en Casa Oceano, Tango Mar Resort, Costa Rica: una lujosa propiedad de alquiler de vacaciones en la playa adecuada para retiros ejecutivos, vacaciones familiares en la playa o luna de miel privada, villa frente al mar.","robots":{"index":"index","follow":"follow","max-snippet":"max-snippet:-1","max-image-preview":"max-image-preview:large","max-video-preview":"max-video-preview:-1"},"canonical":"https:\/\/www.casaoceanocostarica.com\/es\/la-master-suite-secundaria\/","og_locale":"es_ES","og_type":"article","og_title":"Master suite secundaria, Costa Rica alquiler de vacaciones casa de playa \/ villa - alquiler de vacaciones en la playa, casa de lujo frente al mar, jacuzzi, lo mejor de alquiler de vacaciones en la playa en Costa Rica","og_description":"Habitaciones de hu\u00e9spedes con ba\u00f1eras de hidromasaje y jacuzzi en Casa Oceano, Tango Mar Resort, Costa Rica: una lujosa propiedad de alquiler de vacaciones en la playa adecuada para retiros ejecutivos, vacaciones familiares en la playa o luna de miel privada, villa frente al mar.","og_url":"https:\/\/www.casaoceanocostarica.com\/es\/la-master-suite-secundaria\/","og_site_name":"Casa Oceano","article_modified_time":"2019-12-14T13:03:33+00:00","og_image":[{"url":"https:\/\/www.casaoceanocostarica.com\/wp-content\/uploads\/2017\/01\/guest-master-bedroom-1-768x481.jpg","type":"","width":"","height":""}],"twitter_misc":{"Tiempo de lectura":"1 minuto"},"schema":{"@context":"https:\/\/schema.org","@graph":[{"@type":"WebPage","@id":"https:\/\/www.casaoceanocostarica.com\/es\/la-master-suite-secundaria\/","url":"https:\/\/www.casaoceanocostarica.com\/es\/la-master-suite-secundaria\/","name":"Master suite secundaria, Costa Rica alquiler de vacaciones casa de playa \/ villa - alquiler de vacaciones en la playa, casa de lujo frente al mar, jacuzzi, lo mejor de alquiler de vacaciones en la playa en Costa Rica","isPartOf":{"@id":"https:\/\/www.casaoceanocostarica.com\/#website"},"primaryImageOfPage":{"@id":"https:\/\/www.casaoceanocostarica.com\/es\/la-master-suite-secundaria\/#primaryimage"},"image":{"@id":"https:\/\/www.casaoceanocostarica.com\/es\/la-master-suite-secundaria\/#primaryimage"},"thumbnailUrl":"https:\/\/www.casaoceanocostarica.com\/wp-content\/uploads\/2017\/01\/guest-master-bedroom-1-768x481.jpg","datePublished":"2013-09-20T05:42:10+00:00","dateModified":"2019-12-14T13:03:33+00:00","description":"Habitaciones de hu\u00e9spedes con ba\u00f1eras de hidromasaje y jacuzzi en Casa Oceano, Tango Mar Resort, Costa Rica: una lujosa propiedad de alquiler de vacaciones en la playa adecuada para retiros ejecutivos, vacaciones familiares en la playa o luna de miel privada, villa frente al mar.","breadcrumb":{"@id":"https:\/\/www.casaoceanocostarica.com\/es\/la-master-suite-secundaria\/#breadcrumb"},"inLanguage":"es","potentialAction":[{"@type":"ReadAction","target":["https:\/\/www.casaoceanocostarica.com\/es\/la-master-suite-secundaria\/"]}]},{"@type":"ImageObject","inLanguage":"es","@id":"https:\/\/www.casaoceanocostarica.com\/es\/la-master-suite-secundaria\/#primaryimage","url":"https:\/\/www.casaoceanocostarica.com\/wp-content\/uploads\/2017\/01\/guest-master-bedroom-1-768x481.jpg","contentUrl":"https:\/\/www.casaoceanocostarica.com\/wp-content\/uploads\/2017\/01\/guest-master-bedroom-1-768x481.jpg"},{"@type":"BreadcrumbList","@id":"https:\/\/www.casaoceanocostarica.com\/es\/la-master-suite-secundaria\/#breadcrumb","itemListElement":[{"@type":"ListItem","position":1,"name":"Home","item":"https:\/\/www.casaoceanocostarica.com\/es\/"},{"@type":"ListItem","position":2,"name":"La m\u00e1ster suite secundaria"}]},{"@type":"WebSite","@id":"https:\/\/www.casaoceanocostarica.com\/#website","url":"https:\/\/www.casaoceanocostarica.com\/","name":"Casa Oceano","description":"","potentialAction":[{"@type":"SearchAction","target":{"@type":"EntryPoint","urlTemplate":"https:\/\/www.casaoceanocostarica.com\/?s={search_term_string}"},"query-input":{"@type":"PropertyValueSpecification","valueRequired":true,"valueName":"search_term_string"}}],"inLanguage":"es"}]}},"_links":{"self":[{"href":"https:\/\/www.casaoceanocostarica.com\/es\/wp-json\/wp\/v2\/pages\/2159","targetHints":{"allow":["GET"]}}],"collection":[{"href":"https:\/\/www.casaoceanocostarica.com\/es\/wp-json\/wp\/v2\/pages"}],"about":[{"href":"https:\/\/www.casaoceanocostarica.com\/es\/wp-json\/wp\/v2\/types\/page"}],"author":[{"embeddable":true,"href":"https:\/\/www.casaoceanocostarica.com\/es\/wp-json\/wp\/v2\/users\/2"}],"replies":[{"embeddable":true,"href":"https:\/\/www.casaoceanocostarica.com\/es\/wp-json\/wp\/v2\/comments?post=2159"}],"version-history":[{"count":0,"href":"https:\/\/www.casaoceanocostarica.com\/es\/wp-json\/wp\/v2\/pages\/2159\/revisions"}],"wp:attachment":[{"href":"https:\/\/www.casaoceanocostarica.com\/es\/wp-json\/wp\/v2\/media?parent=2159"}],"curies":[{"name":"wp","href":"https:\/\/api.w.org\/{rel}","templated":true}]}}