{"id":2178,"date":"2013-11-16T03:31:57","date_gmt":"2013-11-16T03:31:57","guid":{"rendered":"https:\/\/www.casaoceanocostarica.com\/actividades-en-la-villa\/cultural-activities\/"},"modified":"2019-12-14T06:55:37","modified_gmt":"2019-12-14T12:55:37","slug":"actividades-culturales","status":"publish","type":"page","link":"https:\/\/www.casaoceanocostarica.com\/es\/actividades-en-la-villa\/actividades-culturales\/","title":{"rendered":"Actividades culturales"},"content":{"rendered":"\t\t<div data-elementor-type=\"wp-post\" data-elementor-id=\"2178\" class=\"elementor elementor-2178 elementor-321\" data-elementor-settings=\"{&quot;element_pack_global_tooltip_width&quot;:{&quot;unit&quot;:&quot;px&quot;,&quot;size&quot;:&quot;&quot;,&quot;sizes&quot;:[]},&quot;element_pack_global_tooltip_width_tablet&quot;:{&quot;unit&quot;:&quot;px&quot;,&quot;size&quot;:&quot;&quot;,&quot;sizes&quot;:[]},&quot;element_pack_global_tooltip_width_mobile&quot;:{&quot;unit&quot;:&quot;px&quot;,&quot;size&quot;:&quot;&quot;,&quot;sizes&quot;:[]},&quot;element_pack_global_tooltip_padding&quot;:{&quot;unit&quot;:&quot;px&quot;,&quot;top&quot;:&quot;&quot;,&quot;right&quot;:&quot;&quot;,&quot;bottom&quot;:&quot;&quot;,&quot;left&quot;:&quot;&quot;,&quot;isLinked&quot;:true},&quot;element_pack_global_tooltip_padding_tablet&quot;:{&quot;unit&quot;:&quot;px&quot;,&quot;top&quot;:&quot;&quot;,&quot;right&quot;:&quot;&quot;,&quot;bottom&quot;:&quot;&quot;,&quot;left&quot;:&quot;&quot;,&quot;isLinked&quot;:true},&quot;element_pack_global_tooltip_padding_mobile&quot;:{&quot;unit&quot;:&quot;px&quot;,&quot;top&quot;:&quot;&quot;,&quot;right&quot;:&quot;&quot;,&quot;bottom&quot;:&quot;&quot;,&quot;left&quot;:&quot;&quot;,&quot;isLinked&quot;:true},&quot;element_pack_global_tooltip_border_radius&quot;:{&quot;unit&quot;:&quot;px&quot;,&quot;top&quot;:&quot;&quot;,&quot;right&quot;:&quot;&quot;,&quot;bottom&quot;:&quot;&quot;,&quot;left&quot;:&quot;&quot;,&quot;isLinked&quot;:true},&quot;element_pack_global_tooltip_border_radius_tablet&quot;:{&quot;unit&quot;:&quot;px&quot;,&quot;top&quot;:&quot;&quot;,&quot;right&quot;:&quot;&quot;,&quot;bottom&quot;:&quot;&quot;,&quot;left&quot;:&quot;&quot;,&quot;isLinked&quot;:true},&quot;element_pack_global_tooltip_border_radius_mobile&quot;:{&quot;unit&quot;:&quot;px&quot;,&quot;top&quot;:&quot;&quot;,&quot;right&quot;:&quot;&quot;,&quot;bottom&quot;:&quot;&quot;,&quot;left&quot;:&quot;&quot;,&quot;isLinked&quot;:true}}\" data-elementor-post-type=\"page\">\n\t\t\t\t\t\t<section class=\"elementor-section elementor-top-section elementor-element elementor-element-4a233dc0 elementor-section-content-middle elementor-section-height-full elementor-section-boxed elementor-section-height-default elementor-section-items-middle\" data-id=\"4a233dc0\" data-element_type=\"section\" data-settings=\"{&quot;background_background&quot;:&quot;classic&quot;,&quot;background_motion_fx_motion_fx_mouse&quot;:&quot;yes&quot;,&quot;background_motion_fx_mouseTrack_effect&quot;:&quot;yes&quot;,&quot;background_motion_fx_mouseTrack_speed&quot;:{&quot;unit&quot;:&quot;px&quot;,&quot;size&quot;:0,&quot;sizes&quot;:[]}}\">\n\t\t\t\t\t\t\t<div class=\"elementor-background-overlay\"><\/div>\n\t\t\t\t\t\t\t<div class=\"elementor-container elementor-column-gap-default\">\n\t\t\t\t\t<div class=\"elementor-column elementor-col-100 elementor-top-column elementor-element elementor-element-39fa2d61\" data-id=\"39fa2d61\" data-element_type=\"column\">\n\t\t\t<div class=\"elementor-widget-wrap elementor-element-populated\">\n\t\t\t\t\t\t<div class=\"elementor-element elementor-element-4b5e0ba8 elementor-widget elementor-widget-heading\" data-id=\"4b5e0ba8\" data-element_type=\"widget\" data-widget_type=\"heading.default\">\n\t\t\t\t<div class=\"elementor-widget-container\">\n\t\t\t\t\t<h1 class=\"elementor-heading-title elementor-size-default\">Actividades culturales- Tamales navide\u00f1os costarricenses<\/h1>\t\t\t\t<\/div>\n\t\t\t\t<\/div>\n\t\t\t\t<div class=\"elementor-element elementor-element-22603374 elementor-widget elementor-widget-text-editor\" data-id=\"22603374\" data-element_type=\"widget\" data-widget_type=\"text-editor.default\">\n\t\t\t\t<div class=\"elementor-widget-container\">\n\t\t\t\t\t\t\t\t\t<p>Como parte de las costumbres tradicionales de Costa rica, amigos locales ticos y los due\u00f1os de Casa Oc\u00e9ano ayudan a preparar tamales navide\u00f1os durante la \u00e9poca de vacaciones. El platillo incluye ingredientes como masa (de harina de ma\u00edz) y una variedad de otros favoritos como papas, chile dulce, ma\u00edz cascado, cerdo, pollo y otras escogencias personales que dependen de gustos individuales.<\/p><p>Los tamales son cubiertos con hojas de pl\u00e1tanos, los cuales crecen dentro de la misma propiedad, y que se calientan en una llama abierta con gas para hacerla m\u00e1s flexible. Los tamales envueltos luego se dan como regalos, casi siempre antes de Navidad, a la familia y amigos cercanos. Claro est\u00e1, \u00a1los cocineros hambrientos y la familia tambi\u00e9n los comen!<\/p>\t\t\t\t\t\t\t\t<\/div>\n\t\t\t\t<\/div>\n\t\t\t\t<div class=\"elementor-element elementor-element-b5efc6e elementor-widget elementor-widget-bdt-advanced-image-gallery\" data-id=\"b5efc6e\" data-element_type=\"widget\" data-widget_type=\"bdt-advanced-image-gallery.default\">\n\t\t\t\t<div class=\"elementor-widget-container\">\n\t\t\t\t\t\t\t<div id=\"bdt-avdg-b5efc6e\" class=\"bdt-ep-advanced-image-gallery bdt-ep-advanced-image-gallery-skin-default bdt-grid bdt-grid-small bdt-child-width-1-1 bdt-child-width-1-3@s bdt-child-width-1-4@m\" data-bdt-grid=\"\" data-bdt-lightbox=\"animation: slide;\" data-settings=\"{&quot;id&quot;:&quot;#bdt-avdg-b5efc6e&quot;,&quot;tiltShow&quot;:false}\">\n\t\t\t\n\t\t\t\t<div class=\"bdt-ep-advanced-image-gallery-item bdt-transition-toggle\">\n\t\t\t\t\t<div class=\"bdt-ep-advanced-image-gallery-inner\">\n\t\t\t\t\t\t<div class=\"bdt-ep-advanced-image-gallery-thumbnail bdt-transition-toggle\"><img fetchpriority=\"high\" decoding=\"async\" width=\"300\" height=\"225\" src=\"https:\/\/www.casaoceanocostarica.com\/wp-content\/uploads\/2013\/11\/tamales-xmas-300x225.jpg\" class=\"jgalleryImage\" alt=\"tamales-xmas\" srcset=\"https:\/\/www.casaoceanocostarica.com\/wp-content\/uploads\/2013\/11\/tamales-xmas-300x225.jpg 300w, https:\/\/www.casaoceanocostarica.com\/wp-content\/uploads\/2013\/11\/tamales-xmas.jpg 480w\" sizes=\"(max-width: 300px) 100vw, 300px\" \/><\/div>\t\t<div class=\"bdt-position-cover bdt-overlay bdt-overlay-default bdt-transition-fade\">\n\t\t\t<div class=\"bdt-ep-advanced-image-gallery-content\">\n\t\t\t\t<div class=\"bdt-ep-advanced-image-gallery-content-inner\">\n\n\t\t\t\t\t\t\t\t\t\t\t\t\t\t\t\t<div class=\"bdt-flex-inline bdt-ep-advanced-image-gallery-item-link-wrapper\">\n\t\t\t\t\t\t\t<a class=\"bdt-ep-advanced-image-gallery-item-link elementor-clickable icon-type-icon \" data-elementor-open-lightbox=\"no\" data-caption=\"\" data-href=\"https:\/\/www.casaoceanocostarica.com\/wp-content\/uploads\/2013\/11\/tamales-xmas.jpg\">\n\t\t\t\t\t\t\t\t\n\t\t\t\t\t\t\t\t\t\t\t\t\t\t\t\t\t\t\t<span>\n\t\t\t\t\t\t\t\t\t\t\t<i class=\"ep-icon-plus-2\"><\/i>\n\t\t\t\t\t\t\t\t\t\t<\/span>\n\t\t\t\t\t\t\t\t\t\n\t\t\t\t\t\t\t\t\t\t\t\t\t\t\t<\/a>\n\t\t\t\t\t\t<\/div>\n\t\t\t\t\t\n\t\t\t\t\t\t\t\t\t<\/div>\n\t\t\t<\/div>\n\t\t<\/div>\n\t\t\t\t\t<\/div>\n\t\t\t\t\t\t\t\t\t<\/div>\n\n\t\t\t\n\t\t\t\t<div class=\"bdt-ep-advanced-image-gallery-item bdt-transition-toggle\">\n\t\t\t\t\t<div class=\"bdt-ep-advanced-image-gallery-inner\">\n\t\t\t\t\t\t<div class=\"bdt-ep-advanced-image-gallery-thumbnail bdt-transition-toggle\"><img decoding=\"async\" width=\"225\" height=\"300\" src=\"https:\/\/www.casaoceanocostarica.com\/wp-content\/uploads\/2013\/11\/tamale-making3-225x300.jpg\" class=\"jgalleryImage\" alt=\"tamale-making3\" srcset=\"https:\/\/www.casaoceanocostarica.com\/wp-content\/uploads\/2013\/11\/tamale-making3-225x300.jpg 225w, https:\/\/www.casaoceanocostarica.com\/wp-content\/uploads\/2013\/11\/tamale-making3.jpg 360w\" sizes=\"(max-width: 225px) 100vw, 225px\" \/><\/div>\t\t<div class=\"bdt-position-cover bdt-overlay bdt-overlay-default bdt-transition-fade\">\n\t\t\t<div class=\"bdt-ep-advanced-image-gallery-content\">\n\t\t\t\t<div class=\"bdt-ep-advanced-image-gallery-content-inner\">\n\n\t\t\t\t\t\t\t\t\t\t\t\t\t\t\t\t<div class=\"bdt-flex-inline bdt-ep-advanced-image-gallery-item-link-wrapper\">\n\t\t\t\t\t\t\t<a class=\"bdt-ep-advanced-image-gallery-item-link elementor-clickable icon-type-icon \" data-elementor-open-lightbox=\"no\" data-caption=\"\" data-href=\"https:\/\/www.casaoceanocostarica.com\/wp-content\/uploads\/2013\/11\/tamale-making3.jpg\">\n\t\t\t\t\t\t\t\t\n\t\t\t\t\t\t\t\t\t\t\t\t\t\t\t\t\t\t\t<span>\n\t\t\t\t\t\t\t\t\t\t\t<i class=\"ep-icon-plus-2\"><\/i>\n\t\t\t\t\t\t\t\t\t\t<\/span>\n\t\t\t\t\t\t\t\t\t\n\t\t\t\t\t\t\t\t\t\t\t\t\t\t\t<\/a>\n\t\t\t\t\t\t<\/div>\n\t\t\t\t\t\n\t\t\t\t\t\t\t\t\t<\/div>\n\t\t\t<\/div>\n\t\t<\/div>\n\t\t\t\t\t<\/div>\n\t\t\t\t\t\t\t\t\t<\/div>\n\n\t\t\t\n\t\t\t\t<div class=\"bdt-ep-advanced-image-gallery-item bdt-transition-toggle\">\n\t\t\t\t\t<div class=\"bdt-ep-advanced-image-gallery-inner\">\n\t\t\t\t\t\t<div class=\"bdt-ep-advanced-image-gallery-thumbnail bdt-transition-toggle\"><img decoding=\"async\" width=\"300\" height=\"179\" src=\"https:\/\/www.casaoceanocostarica.com\/wp-content\/uploads\/2013\/11\/christmas-oceano-300x179.jpg\" class=\"jgalleryImage\" alt=\"christmas-oceano\" srcset=\"https:\/\/www.casaoceanocostarica.com\/wp-content\/uploads\/2013\/11\/christmas-oceano-300x179.jpg 300w, https:\/\/www.casaoceanocostarica.com\/wp-content\/uploads\/2013\/11\/christmas-oceano.jpg 480w\" sizes=\"(max-width: 300px) 100vw, 300px\" \/><\/div>\t\t<div class=\"bdt-position-cover bdt-overlay bdt-overlay-default bdt-transition-fade\">\n\t\t\t<div class=\"bdt-ep-advanced-image-gallery-content\">\n\t\t\t\t<div class=\"bdt-ep-advanced-image-gallery-content-inner\">\n\n\t\t\t\t\t\t\t\t\t\t\t\t\t\t\t\t<div class=\"bdt-flex-inline bdt-ep-advanced-image-gallery-item-link-wrapper\">\n\t\t\t\t\t\t\t<a class=\"bdt-ep-advanced-image-gallery-item-link elementor-clickable icon-type-icon \" data-elementor-open-lightbox=\"no\" data-caption=\"\" data-href=\"https:\/\/www.casaoceanocostarica.com\/wp-content\/uploads\/2013\/11\/christmas-oceano.jpg\">\n\t\t\t\t\t\t\t\t\n\t\t\t\t\t\t\t\t\t\t\t\t\t\t\t\t\t\t\t<span>\n\t\t\t\t\t\t\t\t\t\t\t<i class=\"ep-icon-plus-2\"><\/i>\n\t\t\t\t\t\t\t\t\t\t<\/span>\n\t\t\t\t\t\t\t\t\t\n\t\t\t\t\t\t\t\t\t\t\t\t\t\t\t<\/a>\n\t\t\t\t\t\t<\/div>\n\t\t\t\t\t\n\t\t\t\t\t\t\t\t\t<\/div>\n\t\t\t<\/div>\n\t\t<\/div>\n\t\t\t\t\t<\/div>\n\t\t\t\t\t\t\t\t\t<\/div>\n\n\t\t\t\n\t\t\t\t<div class=\"bdt-ep-advanced-image-gallery-item bdt-transition-toggle\">\n\t\t\t\t\t<div class=\"bdt-ep-advanced-image-gallery-inner\">\n\t\t\t\t\t\t<div class=\"bdt-ep-advanced-image-gallery-thumbnail bdt-transition-toggle\"><img loading=\"lazy\" decoding=\"async\" width=\"300\" height=\"169\" src=\"https:\/\/www.casaoceanocostarica.com\/wp-content\/uploads\/2013\/11\/christmas-decorations-300x169.jpg\" class=\"jgalleryImage\" alt=\"christmas-decorations\" srcset=\"https:\/\/www.casaoceanocostarica.com\/wp-content\/uploads\/2013\/11\/christmas-decorations-300x169.jpg 300w, https:\/\/www.casaoceanocostarica.com\/wp-content\/uploads\/2013\/11\/christmas-decorations.jpg 593w\" sizes=\"(max-width: 300px) 100vw, 300px\" \/><\/div>\t\t<div class=\"bdt-position-cover bdt-overlay bdt-overlay-default bdt-transition-fade\">\n\t\t\t<div class=\"bdt-ep-advanced-image-gallery-content\">\n\t\t\t\t<div class=\"bdt-ep-advanced-image-gallery-content-inner\">\n\n\t\t\t\t\t\t\t\t\t\t\t\t\t\t\t\t<div class=\"bdt-flex-inline bdt-ep-advanced-image-gallery-item-link-wrapper\">\n\t\t\t\t\t\t\t<a class=\"bdt-ep-advanced-image-gallery-item-link elementor-clickable icon-type-icon \" data-elementor-open-lightbox=\"no\" data-caption=\"\" data-href=\"https:\/\/www.casaoceanocostarica.com\/wp-content\/uploads\/2013\/11\/christmas-decorations.jpg\">\n\t\t\t\t\t\t\t\t\n\t\t\t\t\t\t\t\t\t\t\t\t\t\t\t\t\t\t\t<span>\n\t\t\t\t\t\t\t\t\t\t\t<i class=\"ep-icon-plus-2\"><\/i>\n\t\t\t\t\t\t\t\t\t\t<\/span>\n\t\t\t\t\t\t\t\t\t\n\t\t\t\t\t\t\t\t\t\t\t\t\t\t\t<\/a>\n\t\t\t\t\t\t<\/div>\n\t\t\t\t\t\n\t\t\t\t\t\t\t\t\t<\/div>\n\t\t\t<\/div>\n\t\t<\/div>\n\t\t\t\t\t<\/div>\n\t\t\t\t\t\t\t\t\t<\/div>\n\n\t\t\t\t\t<\/div>\n\t\t\t\t\t<\/div>\n\t\t\t\t<\/div>\n\t\t\t\t<div class=\"elementor-element elementor-element-6140a453 elementor-align-center elementor-widget elementor-widget-global elementor-global-1540 elementor-widget-bdt-advanced-button\" data-id=\"6140a453\" data-element_type=\"widget\" data-widget_type=\"bdt-advanced-button.default\">\n\t\t\t\t<div class=\"elementor-widget-container\">\n\t\t\t\t\t\t\t<div class=\"bdt-ep-button-wrapper\">\n\t\t\t<a href=\"https:\/\/www.casaoceanocostarica.com\/es\/reservaciones\/\" class=\"bdt-ep-button bdt-ep-button-effect-e bdt-ep-button-size-md elementor-animation-float\">\n\t\t\t\t\t\t<div class=\"bdt-ep-button-content-wrapper bdt-flex bdt-flex-middle bdt-flex-center  \" data-text=\"Reservar ahora\">\n\t\t\t\n\t\t\t<div class=\"bdt-ep-button-text\">\n\n\t\t\t\t<span class=\"avdbtn-text\">\n\t\t\t\t\tReservar ahora\t\t\t\t<\/span>\n\n\t\t\t\t\t\t\t<\/div>\n\n\t\t\t\n\t\t<\/div>\n\t\t\t\t\t<\/a>\n\t\t<\/div>\n\t\t\t\t\t\t<\/div>\n\t\t\t\t<\/div>\n\t\t\t\t\t<\/div>\n\t\t<\/div>\n\t\t\t\t\t<\/div>\n\t\t<\/section>\n\t\t\t\t<\/div>\n\t\t","protected":false},"excerpt":{"rendered":"<p>Actividades culturales- Tamales navide\u00f1os costarricenses Como parte de las costumbres tradicionales de Costa rica, amigos locales ticos y los due\u00f1os de Casa Oc\u00e9ano ayudan a preparar tamales navide\u00f1os durante la \u00e9poca de vacaciones. El platillo incluye ingredientes como masa (de harina de ma\u00edz) y una variedad de otros favoritos como papas, chile dulce, ma\u00edz cascado, [&hellip;]<\/p>\n","protected":false},"author":2,"featured_media":0,"parent":2171,"menu_order":0,"comment_status":"closed","ping_status":"closed","template":"elementor_header_footer","meta":{"footnotes":""},"class_list":["post-2178","page","type-page","status-publish","hentry"],"yoast_head":"<!-- This site is optimized with the Yoast SEO plugin v25.4 - https:\/\/yoast.com\/wordpress\/plugins\/seo\/ -->\n<title>Actividades culturales, Tamales navide\u00f1os, Costa Rica, Hacer Tamales en Casa Oceano Beach Vacation Rental, Masa, Decoraciones navide\u00f1as<\/title>\n<meta name=\"description\" content=\"Disfruta de actividades culturales de temporada. Los tamales son una tradici\u00f3n navide\u00f1a en Costa Rica. Como una aventura navide\u00f1a, nuestro chef puede mostrarle sus recetas e ingredientes favoritos, \u00a1y puede divertirse creando su pr\u00f3xima comida!\" \/>\n<meta name=\"robots\" content=\"index, follow, max-snippet:-1, max-image-preview:large, max-video-preview:-1\" \/>\n<link rel=\"canonical\" href=\"https:\/\/www.casaoceanocostarica.com\/villa-activities\/cultural-activities\/\" \/>\n<meta property=\"og:locale\" content=\"es_ES\" \/>\n<meta property=\"og:type\" content=\"article\" \/>\n<meta property=\"og:title\" content=\"Actividades culturales, Tamales navide\u00f1os, Costa Rica, Hacer Tamales en Casa Oceano Beach Vacation Rental, Masa, Decoraciones navide\u00f1as\" \/>\n<meta property=\"og:description\" content=\"Disfruta de actividades culturales de temporada. Los tamales son una tradici\u00f3n navide\u00f1a en Costa Rica. Como una aventura navide\u00f1a, nuestro chef puede mostrarle sus recetas e ingredientes favoritos, \u00a1y puede divertirse creando su pr\u00f3xima comida!\" \/>\n<meta property=\"og:url\" content=\"https:\/\/www.casaoceanocostarica.com\/villa-activities\/cultural-activities\/\" \/>\n<meta property=\"og:site_name\" content=\"Casa Oceano\" \/>\n<meta property=\"article:modified_time\" content=\"2019-12-14T12:55:37+00:00\" \/>\n<meta property=\"og:image\" content=\"https:\/\/www.casaoceanocostarica.com\/wp-content\/uploads\/2013\/11\/tamales-xmas-300x225.jpg\" \/>\n<meta name=\"twitter:label1\" content=\"Tiempo de lectura\" \/>\n\t<meta name=\"twitter:data1\" content=\"1 minuto\" \/>\n<script type=\"application\/ld+json\" class=\"yoast-schema-graph\">{\"@context\":\"https:\/\/schema.org\",\"@graph\":[{\"@type\":\"WebPage\",\"@id\":\"https:\/\/www.casaoceanocostarica.com\/villa-activities\/cultural-activities\/\",\"url\":\"https:\/\/www.casaoceanocostarica.com\/villa-activities\/cultural-activities\/\",\"name\":\"Actividades culturales, Tamales navide\u00f1os, Costa Rica, Hacer Tamales en Casa Oceano Beach Vacation Rental, Masa, Decoraciones navide\u00f1as\",\"isPartOf\":{\"@id\":\"https:\/\/www.casaoceanocostarica.com\/#website\"},\"primaryImageOfPage\":{\"@id\":\"https:\/\/www.casaoceanocostarica.com\/villa-activities\/cultural-activities\/#primaryimage\"},\"image\":{\"@id\":\"https:\/\/www.casaoceanocostarica.com\/villa-activities\/cultural-activities\/#primaryimage\"},\"thumbnailUrl\":\"https:\/\/www.casaoceanocostarica.com\/wp-content\/uploads\/2013\/11\/tamales-xmas-300x225.jpg\",\"datePublished\":\"2013-11-16T03:31:57+00:00\",\"dateModified\":\"2019-12-14T12:55:37+00:00\",\"description\":\"Disfruta de actividades culturales de temporada. Los tamales son una tradici\u00f3n navide\u00f1a en Costa Rica. Como una aventura navide\u00f1a, nuestro chef puede mostrarle sus recetas e ingredientes favoritos, \u00a1y puede divertirse creando su pr\u00f3xima comida!\",\"breadcrumb\":{\"@id\":\"https:\/\/www.casaoceanocostarica.com\/villa-activities\/cultural-activities\/#breadcrumb\"},\"inLanguage\":\"es\",\"potentialAction\":[{\"@type\":\"ReadAction\",\"target\":[\"https:\/\/www.casaoceanocostarica.com\/villa-activities\/cultural-activities\/\"]}]},{\"@type\":\"ImageObject\",\"inLanguage\":\"es\",\"@id\":\"https:\/\/www.casaoceanocostarica.com\/villa-activities\/cultural-activities\/#primaryimage\",\"url\":\"https:\/\/www.casaoceanocostarica.com\/wp-content\/uploads\/2013\/11\/tamales-xmas-300x225.jpg\",\"contentUrl\":\"https:\/\/www.casaoceanocostarica.com\/wp-content\/uploads\/2013\/11\/tamales-xmas-300x225.jpg\"},{\"@type\":\"BreadcrumbList\",\"@id\":\"https:\/\/www.casaoceanocostarica.com\/villa-activities\/cultural-activities\/#breadcrumb\",\"itemListElement\":[{\"@type\":\"ListItem\",\"position\":1,\"name\":\"Home\",\"item\":\"https:\/\/www.casaoceanocostarica.com\/es\/\"},{\"@type\":\"ListItem\",\"position\":2,\"name\":\"Actividades en la villa\",\"item\":\"https:\/\/www.casaoceanocostarica.com\/villa-activities\/\"},{\"@type\":\"ListItem\",\"position\":3,\"name\":\"Actividades culturales\"}]},{\"@type\":\"WebSite\",\"@id\":\"https:\/\/www.casaoceanocostarica.com\/#website\",\"url\":\"https:\/\/www.casaoceanocostarica.com\/\",\"name\":\"Casa Oceano\",\"description\":\"\",\"potentialAction\":[{\"@type\":\"SearchAction\",\"target\":{\"@type\":\"EntryPoint\",\"urlTemplate\":\"https:\/\/www.casaoceanocostarica.com\/?s={search_term_string}\"},\"query-input\":{\"@type\":\"PropertyValueSpecification\",\"valueRequired\":true,\"valueName\":\"search_term_string\"}}],\"inLanguage\":\"es\"}]}<\/script>\n<!-- \/ Yoast SEO plugin. -->","yoast_head_json":{"title":"Actividades culturales, Tamales navide\u00f1os, Costa Rica, Hacer Tamales en Casa Oceano Beach Vacation Rental, Masa, Decoraciones navide\u00f1as","description":"Disfruta de actividades culturales de temporada. Los tamales son una tradici\u00f3n navide\u00f1a en Costa Rica. Como una aventura navide\u00f1a, nuestro chef puede mostrarle sus recetas e ingredientes favoritos, \u00a1y puede divertirse creando su pr\u00f3xima comida!","robots":{"index":"index","follow":"follow","max-snippet":"max-snippet:-1","max-image-preview":"max-image-preview:large","max-video-preview":"max-video-preview:-1"},"canonical":"https:\/\/www.casaoceanocostarica.com\/villa-activities\/cultural-activities\/","og_locale":"es_ES","og_type":"article","og_title":"Actividades culturales, Tamales navide\u00f1os, Costa Rica, Hacer Tamales en Casa Oceano Beach Vacation Rental, Masa, Decoraciones navide\u00f1as","og_description":"Disfruta de actividades culturales de temporada. Los tamales son una tradici\u00f3n navide\u00f1a en Costa Rica. Como una aventura navide\u00f1a, nuestro chef puede mostrarle sus recetas e ingredientes favoritos, \u00a1y puede divertirse creando su pr\u00f3xima comida!","og_url":"https:\/\/www.casaoceanocostarica.com\/villa-activities\/cultural-activities\/","og_site_name":"Casa Oceano","article_modified_time":"2019-12-14T12:55:37+00:00","og_image":[{"url":"https:\/\/www.casaoceanocostarica.com\/wp-content\/uploads\/2013\/11\/tamales-xmas-300x225.jpg","type":"","width":"","height":""}],"twitter_misc":{"Tiempo de lectura":"1 minuto"},"schema":{"@context":"https:\/\/schema.org","@graph":[{"@type":"WebPage","@id":"https:\/\/www.casaoceanocostarica.com\/villa-activities\/cultural-activities\/","url":"https:\/\/www.casaoceanocostarica.com\/villa-activities\/cultural-activities\/","name":"Actividades culturales, Tamales navide\u00f1os, Costa Rica, Hacer Tamales en Casa Oceano Beach Vacation Rental, Masa, Decoraciones navide\u00f1as","isPartOf":{"@id":"https:\/\/www.casaoceanocostarica.com\/#website"},"primaryImageOfPage":{"@id":"https:\/\/www.casaoceanocostarica.com\/villa-activities\/cultural-activities\/#primaryimage"},"image":{"@id":"https:\/\/www.casaoceanocostarica.com\/villa-activities\/cultural-activities\/#primaryimage"},"thumbnailUrl":"https:\/\/www.casaoceanocostarica.com\/wp-content\/uploads\/2013\/11\/tamales-xmas-300x225.jpg","datePublished":"2013-11-16T03:31:57+00:00","dateModified":"2019-12-14T12:55:37+00:00","description":"Disfruta de actividades culturales de temporada. Los tamales son una tradici\u00f3n navide\u00f1a en Costa Rica. Como una aventura navide\u00f1a, nuestro chef puede mostrarle sus recetas e ingredientes favoritos, \u00a1y puede divertirse creando su pr\u00f3xima comida!","breadcrumb":{"@id":"https:\/\/www.casaoceanocostarica.com\/villa-activities\/cultural-activities\/#breadcrumb"},"inLanguage":"es","potentialAction":[{"@type":"ReadAction","target":["https:\/\/www.casaoceanocostarica.com\/villa-activities\/cultural-activities\/"]}]},{"@type":"ImageObject","inLanguage":"es","@id":"https:\/\/www.casaoceanocostarica.com\/villa-activities\/cultural-activities\/#primaryimage","url":"https:\/\/www.casaoceanocostarica.com\/wp-content\/uploads\/2013\/11\/tamales-xmas-300x225.jpg","contentUrl":"https:\/\/www.casaoceanocostarica.com\/wp-content\/uploads\/2013\/11\/tamales-xmas-300x225.jpg"},{"@type":"BreadcrumbList","@id":"https:\/\/www.casaoceanocostarica.com\/villa-activities\/cultural-activities\/#breadcrumb","itemListElement":[{"@type":"ListItem","position":1,"name":"Home","item":"https:\/\/www.casaoceanocostarica.com\/es\/"},{"@type":"ListItem","position":2,"name":"Actividades en la villa","item":"https:\/\/www.casaoceanocostarica.com\/villa-activities\/"},{"@type":"ListItem","position":3,"name":"Actividades culturales"}]},{"@type":"WebSite","@id":"https:\/\/www.casaoceanocostarica.com\/#website","url":"https:\/\/www.casaoceanocostarica.com\/","name":"Casa Oceano","description":"","potentialAction":[{"@type":"SearchAction","target":{"@type":"EntryPoint","urlTemplate":"https:\/\/www.casaoceanocostarica.com\/?s={search_term_string}"},"query-input":{"@type":"PropertyValueSpecification","valueRequired":true,"valueName":"search_term_string"}}],"inLanguage":"es"}]}},"_links":{"self":[{"href":"https:\/\/www.casaoceanocostarica.com\/es\/wp-json\/wp\/v2\/pages\/2178","targetHints":{"allow":["GET"]}}],"collection":[{"href":"https:\/\/www.casaoceanocostarica.com\/es\/wp-json\/wp\/v2\/pages"}],"about":[{"href":"https:\/\/www.casaoceanocostarica.com\/es\/wp-json\/wp\/v2\/types\/page"}],"author":[{"embeddable":true,"href":"https:\/\/www.casaoceanocostarica.com\/es\/wp-json\/wp\/v2\/users\/2"}],"replies":[{"embeddable":true,"href":"https:\/\/www.casaoceanocostarica.com\/es\/wp-json\/wp\/v2\/comments?post=2178"}],"version-history":[{"count":0,"href":"https:\/\/www.casaoceanocostarica.com\/es\/wp-json\/wp\/v2\/pages\/2178\/revisions"}],"up":[{"embeddable":true,"href":"https:\/\/www.casaoceanocostarica.com\/es\/wp-json\/wp\/v2\/pages\/2171"}],"wp:attachment":[{"href":"https:\/\/www.casaoceanocostarica.com\/es\/wp-json\/wp\/v2\/media?parent=2178"}],"curies":[{"name":"wp","href":"https:\/\/api.w.org\/{rel}","templated":true}]}}