{"id":2190,"date":"2013-11-14T18:03:57","date_gmt":"2013-11-14T18:03:57","guid":{"rendered":"https:\/\/www.casaoceanocostarica.com\/actividades-en-la-villa\/boogie-boarding\/"},"modified":"2019-12-20T07:59:35","modified_gmt":"2019-12-20T13:59:35","slug":"boogie-boarding","status":"publish","type":"page","link":"https:\/\/www.casaoceanocostarica.com\/es\/actividades-en-la-villa\/boogie-boarding\/","title":{"rendered":"Boogie Boarding"},"content":{"rendered":"\t\t<div data-elementor-type=\"wp-post\" data-elementor-id=\"2190\" class=\"elementor elementor-2190 elementor-284\" data-elementor-settings=\"{&quot;element_pack_global_tooltip_width&quot;:{&quot;unit&quot;:&quot;px&quot;,&quot;size&quot;:&quot;&quot;,&quot;sizes&quot;:[]},&quot;element_pack_global_tooltip_width_tablet&quot;:{&quot;unit&quot;:&quot;px&quot;,&quot;size&quot;:&quot;&quot;,&quot;sizes&quot;:[]},&quot;element_pack_global_tooltip_width_mobile&quot;:{&quot;unit&quot;:&quot;px&quot;,&quot;size&quot;:&quot;&quot;,&quot;sizes&quot;:[]},&quot;element_pack_global_tooltip_padding&quot;:{&quot;unit&quot;:&quot;px&quot;,&quot;top&quot;:&quot;&quot;,&quot;right&quot;:&quot;&quot;,&quot;bottom&quot;:&quot;&quot;,&quot;left&quot;:&quot;&quot;,&quot;isLinked&quot;:true},&quot;element_pack_global_tooltip_padding_tablet&quot;:{&quot;unit&quot;:&quot;px&quot;,&quot;top&quot;:&quot;&quot;,&quot;right&quot;:&quot;&quot;,&quot;bottom&quot;:&quot;&quot;,&quot;left&quot;:&quot;&quot;,&quot;isLinked&quot;:true},&quot;element_pack_global_tooltip_padding_mobile&quot;:{&quot;unit&quot;:&quot;px&quot;,&quot;top&quot;:&quot;&quot;,&quot;right&quot;:&quot;&quot;,&quot;bottom&quot;:&quot;&quot;,&quot;left&quot;:&quot;&quot;,&quot;isLinked&quot;:true},&quot;element_pack_global_tooltip_border_radius&quot;:{&quot;unit&quot;:&quot;px&quot;,&quot;top&quot;:&quot;&quot;,&quot;right&quot;:&quot;&quot;,&quot;bottom&quot;:&quot;&quot;,&quot;left&quot;:&quot;&quot;,&quot;isLinked&quot;:true},&quot;element_pack_global_tooltip_border_radius_tablet&quot;:{&quot;unit&quot;:&quot;px&quot;,&quot;top&quot;:&quot;&quot;,&quot;right&quot;:&quot;&quot;,&quot;bottom&quot;:&quot;&quot;,&quot;left&quot;:&quot;&quot;,&quot;isLinked&quot;:true},&quot;element_pack_global_tooltip_border_radius_mobile&quot;:{&quot;unit&quot;:&quot;px&quot;,&quot;top&quot;:&quot;&quot;,&quot;right&quot;:&quot;&quot;,&quot;bottom&quot;:&quot;&quot;,&quot;left&quot;:&quot;&quot;,&quot;isLinked&quot;:true}}\" data-elementor-post-type=\"page\">\n\t\t\t\t\t\t<section class=\"elementor-section elementor-top-section elementor-element elementor-element-348475db elementor-section-content-middle elementor-section-boxed elementor-section-height-default elementor-section-height-default\" data-id=\"348475db\" data-element_type=\"section\" data-settings=\"{&quot;background_background&quot;:&quot;classic&quot;,&quot;background_motion_fx_motion_fx_mouse&quot;:&quot;yes&quot;,&quot;background_motion_fx_mouseTrack_effect&quot;:&quot;yes&quot;,&quot;background_motion_fx_mouseTrack_speed&quot;:{&quot;unit&quot;:&quot;px&quot;,&quot;size&quot;:0,&quot;sizes&quot;:[]}}\">\n\t\t\t\t\t\t\t<div class=\"elementor-background-overlay\"><\/div>\n\t\t\t\t\t\t\t<div class=\"elementor-container elementor-column-gap-default\">\n\t\t\t\t\t<div class=\"elementor-column elementor-col-100 elementor-top-column elementor-element elementor-element-2e87e7e4\" data-id=\"2e87e7e4\" data-element_type=\"column\">\n\t\t\t<div class=\"elementor-widget-wrap elementor-element-populated\">\n\t\t\t\t\t\t<div class=\"elementor-element elementor-element-9a5dc0c elementor-widget elementor-widget-heading\" data-id=\"9a5dc0c\" data-element_type=\"widget\" data-widget_type=\"heading.default\">\n\t\t\t\t<div class=\"elementor-widget-container\">\n\t\t\t\t\t<h1 class=\"elementor-heading-title elementor-size-default\">Boogie-Boarding en Casa Oceano!<\/h1>\t\t\t\t<\/div>\n\t\t\t\t<\/div>\n\t\t\t\t<div class=\"elementor-element elementor-element-3cfff237 elementor-widget elementor-widget-text-editor\" data-id=\"3cfff237\" data-element_type=\"widget\" data-widget_type=\"text-editor.default\">\n\t\t\t\t<div class=\"elementor-widget-container\">\n\t\t\t\t\t\t\t\t\t<p>Si te gusta hacer boogie-boarding, \u00a1encontrar\u00e1s que el surf frente a Casa Oceano es bastante desafiante a veces! Como con cualquier oc\u00e9ano, el oleaje puede variar mucho de un d\u00eda a otro. Por lo tanto, por seguridad, es mejor elegir olas peque\u00f1as cerca de la costa, como en las im\u00e1genes directamente debajo. (Fotos compartidas por los invitados).<\/p>\t\t\t\t\t\t\t\t<\/div>\n\t\t\t\t<\/div>\n\t\t\t\t<div class=\"elementor-element elementor-element-c160ea0 elementor-widget elementor-widget-bdt-advanced-image-gallery\" data-id=\"c160ea0\" data-element_type=\"widget\" data-widget_type=\"bdt-advanced-image-gallery.default\">\n\t\t\t\t<div class=\"elementor-widget-container\">\n\t\t\t\t\t\t\t<div id=\"bdt-avdg-c160ea0\" class=\"bdt-ep-advanced-image-gallery bdt-ep-advanced-image-gallery-skin-default bdt-grid bdt-grid-small bdt-child-width-1-1 bdt-child-width-1-3@s bdt-child-width-1-3@m\" data-bdt-grid=\"\" data-bdt-lightbox=\"animation: slide;\" data-settings=\"{&quot;id&quot;:&quot;#bdt-avdg-c160ea0&quot;,&quot;tiltShow&quot;:false}\">\n\t\t\t\n\t\t\t\t<div class=\"bdt-ep-advanced-image-gallery-item bdt-transition-toggle\">\n\t\t\t\t\t<div class=\"bdt-ep-advanced-image-gallery-inner\">\n\t\t\t\t\t\t<div class=\"bdt-ep-advanced-image-gallery-thumbnail bdt-transition-toggle\"><img fetchpriority=\"high\" decoding=\"async\" width=\"340\" height=\"216\" src=\"https:\/\/www.casaoceanocostarica.com\/wp-content\/uploads\/2019\/06\/boogieboarding2.jpg\" class=\"jgalleryImage\" alt=\"boogieboarding2\" srcset=\"https:\/\/www.casaoceanocostarica.com\/wp-content\/uploads\/2019\/06\/boogieboarding2.jpg 340w, https:\/\/www.casaoceanocostarica.com\/wp-content\/uploads\/2019\/06\/boogieboarding2-300x191.jpg 300w\" sizes=\"(max-width: 340px) 100vw, 340px\" \/><\/div>\t\t<div class=\"bdt-position-cover bdt-overlay bdt-overlay-default bdt-transition-fade\">\n\t\t\t<div class=\"bdt-ep-advanced-image-gallery-content\">\n\t\t\t\t<div class=\"bdt-ep-advanced-image-gallery-content-inner\">\n\n\t\t\t\t\t\t\t\t\t\t\t\t\t\t\t\t<div class=\"bdt-flex-inline bdt-ep-advanced-image-gallery-item-link-wrapper\">\n\t\t\t\t\t\t\t<a class=\"bdt-ep-advanced-image-gallery-item-link elementor-clickable icon-type-icon \" data-elementor-open-lightbox=\"no\" data-caption=\"\" data-href=\"https:\/\/www.casaoceanocostarica.com\/wp-content\/uploads\/2019\/06\/boogieboarding2.jpg\">\n\t\t\t\t\t\t\t\t\n\t\t\t\t\t\t\t\t\t\t\t\t\t\t\t\t\t\t\t<span>\n\t\t\t\t\t\t\t\t\t\t\t<i class=\"ep-icon-plus-2\"><\/i>\n\t\t\t\t\t\t\t\t\t\t<\/span>\n\t\t\t\t\t\t\t\t\t\n\t\t\t\t\t\t\t\t\t\t\t\t\t\t\t<\/a>\n\t\t\t\t\t\t<\/div>\n\t\t\t\t\t\n\t\t\t\t\t\t\t\t\t<\/div>\n\t\t\t<\/div>\n\t\t<\/div>\n\t\t\t\t\t<\/div>\n\t\t\t\t\t\t\t\t\t<\/div>\n\n\t\t\t\n\t\t\t\t<div class=\"bdt-ep-advanced-image-gallery-item bdt-transition-toggle\">\n\t\t\t\t\t<div class=\"bdt-ep-advanced-image-gallery-inner\">\n\t\t\t\t\t\t<div class=\"bdt-ep-advanced-image-gallery-thumbnail bdt-transition-toggle\"><img decoding=\"async\" width=\"298\" height=\"377\" src=\"https:\/\/www.casaoceanocostarica.com\/wp-content\/uploads\/2013\/11\/manboogieboarding4.jpg\" class=\"jgalleryImage\" alt=\"manboogieboarding4\" srcset=\"https:\/\/www.casaoceanocostarica.com\/wp-content\/uploads\/2013\/11\/manboogieboarding4.jpg 298w, https:\/\/www.casaoceanocostarica.com\/wp-content\/uploads\/2013\/11\/manboogieboarding4-237x300.jpg 237w\" sizes=\"(max-width: 298px) 100vw, 298px\" \/><\/div>\t\t<div class=\"bdt-position-cover bdt-overlay bdt-overlay-default bdt-transition-fade\">\n\t\t\t<div class=\"bdt-ep-advanced-image-gallery-content\">\n\t\t\t\t<div class=\"bdt-ep-advanced-image-gallery-content-inner\">\n\n\t\t\t\t\t\t\t\t\t\t\t\t\t\t\t\t<div class=\"bdt-flex-inline bdt-ep-advanced-image-gallery-item-link-wrapper\">\n\t\t\t\t\t\t\t<a class=\"bdt-ep-advanced-image-gallery-item-link elementor-clickable icon-type-icon \" data-elementor-open-lightbox=\"no\" data-caption=\"\" data-href=\"https:\/\/www.casaoceanocostarica.com\/wp-content\/uploads\/2013\/11\/manboogieboarding4.jpg\">\n\t\t\t\t\t\t\t\t\n\t\t\t\t\t\t\t\t\t\t\t\t\t\t\t\t\t\t\t<span>\n\t\t\t\t\t\t\t\t\t\t\t<i class=\"ep-icon-plus-2\"><\/i>\n\t\t\t\t\t\t\t\t\t\t<\/span>\n\t\t\t\t\t\t\t\t\t\n\t\t\t\t\t\t\t\t\t\t\t\t\t\t\t<\/a>\n\t\t\t\t\t\t<\/div>\n\t\t\t\t\t\n\t\t\t\t\t\t\t\t\t<\/div>\n\t\t\t<\/div>\n\t\t<\/div>\n\t\t\t\t\t<\/div>\n\t\t\t\t\t\t\t\t\t<\/div>\n\n\t\t\t\n\t\t\t\t<div class=\"bdt-ep-advanced-image-gallery-item bdt-transition-toggle\">\n\t\t\t\t\t<div class=\"bdt-ep-advanced-image-gallery-inner\">\n\t\t\t\t\t\t<div class=\"bdt-ep-advanced-image-gallery-thumbnail bdt-transition-toggle\"><img decoding=\"async\" width=\"480\" height=\"360\" src=\"https:\/\/www.casaoceanocostarica.com\/wp-content\/uploads\/2013\/11\/finsandboogieboard.jpg\" class=\"jgalleryImage\" alt=\"finsandboogieboard\" srcset=\"https:\/\/www.casaoceanocostarica.com\/wp-content\/uploads\/2013\/11\/finsandboogieboard.jpg 480w, https:\/\/www.casaoceanocostarica.com\/wp-content\/uploads\/2013\/11\/finsandboogieboard-300x225.jpg 300w\" sizes=\"(max-width: 480px) 100vw, 480px\" \/><\/div>\t\t<div class=\"bdt-position-cover bdt-overlay bdt-overlay-default bdt-transition-fade\">\n\t\t\t<div class=\"bdt-ep-advanced-image-gallery-content\">\n\t\t\t\t<div class=\"bdt-ep-advanced-image-gallery-content-inner\">\n\n\t\t\t\t\t\t\t\t\t\t\t\t\t\t\t\t<div class=\"bdt-flex-inline bdt-ep-advanced-image-gallery-item-link-wrapper\">\n\t\t\t\t\t\t\t<a class=\"bdt-ep-advanced-image-gallery-item-link elementor-clickable icon-type-icon \" data-elementor-open-lightbox=\"no\" data-caption=\"\" data-href=\"https:\/\/www.casaoceanocostarica.com\/wp-content\/uploads\/2013\/11\/finsandboogieboard.jpg\">\n\t\t\t\t\t\t\t\t\n\t\t\t\t\t\t\t\t\t\t\t\t\t\t\t\t\t\t\t<span>\n\t\t\t\t\t\t\t\t\t\t\t<i class=\"ep-icon-plus-2\"><\/i>\n\t\t\t\t\t\t\t\t\t\t<\/span>\n\t\t\t\t\t\t\t\t\t\n\t\t\t\t\t\t\t\t\t\t\t\t\t\t\t<\/a>\n\t\t\t\t\t\t<\/div>\n\t\t\t\t\t\n\t\t\t\t\t\t\t\t\t<\/div>\n\t\t\t<\/div>\n\t\t<\/div>\n\t\t\t\t\t<\/div>\n\t\t\t\t\t\t\t\t\t<\/div>\n\n\t\t\t\n\t\t\t\t<div class=\"bdt-ep-advanced-image-gallery-item bdt-transition-toggle\">\n\t\t\t\t\t<div class=\"bdt-ep-advanced-image-gallery-inner\">\n\t\t\t\t\t\t<div class=\"bdt-ep-advanced-image-gallery-thumbnail bdt-transition-toggle\"><img loading=\"lazy\" decoding=\"async\" width=\"320\" height=\"454\" src=\"https:\/\/www.casaoceanocostarica.com\/wp-content\/uploads\/2013\/11\/manboogieboarding1s.jpg\" class=\"jgalleryImage\" alt=\"manboogieboarding1s\" srcset=\"https:\/\/www.casaoceanocostarica.com\/wp-content\/uploads\/2013\/11\/manboogieboarding1s.jpg 320w, https:\/\/www.casaoceanocostarica.com\/wp-content\/uploads\/2013\/11\/manboogieboarding1s-211x300.jpg 211w\" sizes=\"(max-width: 320px) 100vw, 320px\" \/><\/div>\t\t<div class=\"bdt-position-cover bdt-overlay bdt-overlay-default bdt-transition-fade\">\n\t\t\t<div class=\"bdt-ep-advanced-image-gallery-content\">\n\t\t\t\t<div class=\"bdt-ep-advanced-image-gallery-content-inner\">\n\n\t\t\t\t\t\t\t\t\t\t\t\t\t\t\t\t<div class=\"bdt-flex-inline bdt-ep-advanced-image-gallery-item-link-wrapper\">\n\t\t\t\t\t\t\t<a class=\"bdt-ep-advanced-image-gallery-item-link elementor-clickable icon-type-icon \" data-elementor-open-lightbox=\"no\" data-caption=\"\" data-href=\"https:\/\/www.casaoceanocostarica.com\/wp-content\/uploads\/2013\/11\/manboogieboarding1s.jpg\">\n\t\t\t\t\t\t\t\t\n\t\t\t\t\t\t\t\t\t\t\t\t\t\t\t\t\t\t\t<span>\n\t\t\t\t\t\t\t\t\t\t\t<i class=\"ep-icon-plus-2\"><\/i>\n\t\t\t\t\t\t\t\t\t\t<\/span>\n\t\t\t\t\t\t\t\t\t\n\t\t\t\t\t\t\t\t\t\t\t\t\t\t\t<\/a>\n\t\t\t\t\t\t<\/div>\n\t\t\t\t\t\n\t\t\t\t\t\t\t\t\t<\/div>\n\t\t\t<\/div>\n\t\t<\/div>\n\t\t\t\t\t<\/div>\n\t\t\t\t\t\t\t\t\t<\/div>\n\n\t\t\t\n\t\t\t\t<div class=\"bdt-ep-advanced-image-gallery-item bdt-transition-toggle\">\n\t\t\t\t\t<div class=\"bdt-ep-advanced-image-gallery-inner\">\n\t\t\t\t\t\t<div class=\"bdt-ep-advanced-image-gallery-thumbnail bdt-transition-toggle\"><img loading=\"lazy\" decoding=\"async\" width=\"480\" height=\"305\" src=\"https:\/\/www.casaoceanocostarica.com\/wp-content\/uploads\/2013\/11\/boyonboogieboards.jpg\" class=\"jgalleryImage\" alt=\"boyonboogieboards\" srcset=\"https:\/\/www.casaoceanocostarica.com\/wp-content\/uploads\/2013\/11\/boyonboogieboards.jpg 480w, https:\/\/www.casaoceanocostarica.com\/wp-content\/uploads\/2013\/11\/boyonboogieboards-300x190.jpg 300w\" sizes=\"(max-width: 480px) 100vw, 480px\" \/><\/div>\t\t<div class=\"bdt-position-cover bdt-overlay bdt-overlay-default bdt-transition-fade\">\n\t\t\t<div class=\"bdt-ep-advanced-image-gallery-content\">\n\t\t\t\t<div class=\"bdt-ep-advanced-image-gallery-content-inner\">\n\n\t\t\t\t\t\t\t\t\t\t\t\t\t\t\t\t<div class=\"bdt-flex-inline bdt-ep-advanced-image-gallery-item-link-wrapper\">\n\t\t\t\t\t\t\t<a class=\"bdt-ep-advanced-image-gallery-item-link elementor-clickable icon-type-icon \" data-elementor-open-lightbox=\"no\" data-caption=\"\" data-href=\"https:\/\/www.casaoceanocostarica.com\/wp-content\/uploads\/2013\/11\/boyonboogieboards.jpg\">\n\t\t\t\t\t\t\t\t\n\t\t\t\t\t\t\t\t\t\t\t\t\t\t\t\t\t\t\t<span>\n\t\t\t\t\t\t\t\t\t\t\t<i class=\"ep-icon-plus-2\"><\/i>\n\t\t\t\t\t\t\t\t\t\t<\/span>\n\t\t\t\t\t\t\t\t\t\n\t\t\t\t\t\t\t\t\t\t\t\t\t\t\t<\/a>\n\t\t\t\t\t\t<\/div>\n\t\t\t\t\t\n\t\t\t\t\t\t\t\t\t<\/div>\n\t\t\t<\/div>\n\t\t<\/div>\n\t\t\t\t\t<\/div>\n\t\t\t\t\t\t\t\t\t<\/div>\n\n\t\t\t\n\t\t\t\t<div class=\"bdt-ep-advanced-image-gallery-item bdt-transition-toggle\">\n\t\t\t\t\t<div class=\"bdt-ep-advanced-image-gallery-inner\">\n\t\t\t\t\t\t<div class=\"bdt-ep-advanced-image-gallery-thumbnail bdt-transition-toggle\"><img loading=\"lazy\" decoding=\"async\" width=\"473\" height=\"368\" src=\"https:\/\/www.casaoceanocostarica.com\/wp-content\/uploads\/2013\/11\/boogie-boarding.jpg\" class=\"jgalleryImage\" alt=\"boogie-boarding\" srcset=\"https:\/\/www.casaoceanocostarica.com\/wp-content\/uploads\/2013\/11\/boogie-boarding.jpg 473w, https:\/\/www.casaoceanocostarica.com\/wp-content\/uploads\/2013\/11\/boogie-boarding-300x233.jpg 300w\" sizes=\"(max-width: 473px) 100vw, 473px\" \/><\/div>\t\t<div class=\"bdt-position-cover bdt-overlay bdt-overlay-default bdt-transition-fade\">\n\t\t\t<div class=\"bdt-ep-advanced-image-gallery-content\">\n\t\t\t\t<div class=\"bdt-ep-advanced-image-gallery-content-inner\">\n\n\t\t\t\t\t\t\t\t\t\t\t\t\t\t\t\t<div class=\"bdt-flex-inline bdt-ep-advanced-image-gallery-item-link-wrapper\">\n\t\t\t\t\t\t\t<a class=\"bdt-ep-advanced-image-gallery-item-link elementor-clickable icon-type-icon \" data-elementor-open-lightbox=\"no\" data-caption=\"\" data-href=\"https:\/\/www.casaoceanocostarica.com\/wp-content\/uploads\/2013\/11\/boogie-boarding.jpg\">\n\t\t\t\t\t\t\t\t\n\t\t\t\t\t\t\t\t\t\t\t\t\t\t\t\t\t\t\t<span>\n\t\t\t\t\t\t\t\t\t\t\t<i class=\"ep-icon-plus-2\"><\/i>\n\t\t\t\t\t\t\t\t\t\t<\/span>\n\t\t\t\t\t\t\t\t\t\n\t\t\t\t\t\t\t\t\t\t\t\t\t\t\t<\/a>\n\t\t\t\t\t\t<\/div>\n\t\t\t\t\t\n\t\t\t\t\t\t\t\t\t<\/div>\n\t\t\t<\/div>\n\t\t<\/div>\n\t\t\t\t\t<\/div>\n\t\t\t\t\t\t\t\t\t<\/div>\n\n\t\t\t\t\t<\/div>\n\t\t\t\t\t<\/div>\n\t\t\t\t<\/div>\n\t\t\t\t<div class=\"elementor-element elementor-element-9fb0248 elementor-widget elementor-widget-text-editor\" data-id=\"9fb0248\" data-element_type=\"widget\" data-widget_type=\"text-editor.default\">\n\t\t\t\t<div class=\"elementor-widget-container\">\n\t\t\t\t\t\t\t\t\t<p>Sin embargo, si tienes m\u00e1s experiencia, puedes usar aletas y una tabla de surf m\u00e1s avanzada para surfear en el punto a la derecha de la villa. Recuerde, las condiciones de surf pueden variar mucho en el transcurso del d\u00eda, por lo que hay un momento adecuado para todos para todos los amantes de la playa y las olas. Y, si se considera un experto, nuestro conserje puede organizar un recorrido por las condiciones de surf m\u00e1s grandes de las cercanas playas de Mal Pa\u00eds y Santa Teresa.<\/p>\t\t\t\t\t\t\t\t<\/div>\n\t\t\t\t<\/div>\n\t\t\t\t<div class=\"elementor-element elementor-element-7c8d91c elementor-align-center elementor-widget elementor-widget-global elementor-global-1540 elementor-widget-bdt-advanced-button\" data-id=\"7c8d91c\" data-element_type=\"widget\" data-widget_type=\"bdt-advanced-button.default\">\n\t\t\t\t<div class=\"elementor-widget-container\">\n\t\t\t\t\t\t\t<div class=\"bdt-ep-button-wrapper\">\n\t\t\t<a href=\"https:\/\/www.casaoceanocostarica.com\/es\/reservaciones\/\" class=\"bdt-ep-button bdt-ep-button-effect-e bdt-ep-button-size-md elementor-animation-float\">\n\t\t\t\t\t\t<div class=\"bdt-ep-button-content-wrapper bdt-flex bdt-flex-middle bdt-flex-center  \" data-text=\"Reservar ahora\">\n\t\t\t\n\t\t\t<div class=\"bdt-ep-button-text\">\n\n\t\t\t\t<span class=\"avdbtn-text\">\n\t\t\t\t\tReservar ahora\t\t\t\t<\/span>\n\n\t\t\t\t\t\t\t<\/div>\n\n\t\t\t\n\t\t<\/div>\n\t\t\t\t\t<\/a>\n\t\t<\/div>\n\t\t\t\t\t\t<\/div>\n\t\t\t\t<\/div>\n\t\t\t\t\t<\/div>\n\t\t<\/div>\n\t\t\t\t\t<\/div>\n\t\t<\/section>\n\t\t\t\t<\/div>\n\t\t","protected":false},"excerpt":{"rendered":"<p>Boogie-Boarding en Casa Oceano! Si te gusta hacer boogie-boarding, \u00a1encontrar\u00e1s que el surf frente a Casa Oceano es bastante desafiante a veces! Como con cualquier oc\u00e9ano, el oleaje puede variar mucho de un d\u00eda a otro. Por lo tanto, por seguridad, es mejor elegir olas peque\u00f1as cerca de la costa, como en las im\u00e1genes directamente [&hellip;]<\/p>\n","protected":false},"author":2,"featured_media":0,"parent":2171,"menu_order":0,"comment_status":"closed","ping_status":"closed","template":"elementor_header_footer","meta":{"footnotes":""},"class_list":["post-2190","page","type-page","status-publish","hentry"],"yoast_head":"<!-- This site is optimized with the Yoast SEO plugin v25.4 - https:\/\/yoast.com\/wordpress\/plugins\/seo\/ -->\n<title>Costa Rica Boogie-Boarding en Casa Oceano Vacaciones, olas en Costa Rica, Mal Pais<\/title>\n<meta name=\"description\" content=\"A muchos hu\u00e9spedes que vacacionan en Casa Oceano les gusta ir a surfear en las olas frente a la casa. El tama\u00f1o de la ola variar\u00e1 seg\u00fan las mareas, las condiciones de tormenta y la hora del d\u00eda.\" \/>\n<meta name=\"robots\" content=\"index, follow, max-snippet:-1, max-image-preview:large, max-video-preview:-1\" \/>\n<link rel=\"canonical\" href=\"https:\/\/www.casaoceanocostarica.com\/villa-activities\/boogie-boarding\/\" \/>\n<meta property=\"og:locale\" content=\"es_ES\" \/>\n<meta property=\"og:type\" content=\"article\" \/>\n<meta property=\"og:title\" content=\"Costa Rica Boogie-Boarding en Casa Oceano Vacaciones, olas en Costa Rica, Mal Pais\" \/>\n<meta property=\"og:description\" content=\"A muchos hu\u00e9spedes que vacacionan en Casa Oceano les gusta ir a surfear en las olas frente a la casa. El tama\u00f1o de la ola variar\u00e1 seg\u00fan las mareas, las condiciones de tormenta y la hora del d\u00eda.\" \/>\n<meta property=\"og:url\" content=\"https:\/\/www.casaoceanocostarica.com\/villa-activities\/boogie-boarding\/\" \/>\n<meta property=\"og:site_name\" content=\"Casa Oceano\" \/>\n<meta property=\"article:modified_time\" content=\"2019-12-20T13:59:35+00:00\" \/>\n<meta property=\"og:image\" content=\"https:\/\/www.casaoceanocostarica.com\/wp-content\/uploads\/2019\/06\/boogieboarding2.jpg\" \/>\n<meta name=\"twitter:label1\" content=\"Tiempo de lectura\" \/>\n\t<meta name=\"twitter:data1\" content=\"1 minuto\" \/>\n<script type=\"application\/ld+json\" class=\"yoast-schema-graph\">{\"@context\":\"https:\/\/schema.org\",\"@graph\":[{\"@type\":\"WebPage\",\"@id\":\"https:\/\/www.casaoceanocostarica.com\/villa-activities\/boogie-boarding\/\",\"url\":\"https:\/\/www.casaoceanocostarica.com\/villa-activities\/boogie-boarding\/\",\"name\":\"Costa Rica Boogie-Boarding en Casa Oceano Vacaciones, olas en Costa Rica, Mal Pais\",\"isPartOf\":{\"@id\":\"https:\/\/www.casaoceanocostarica.com\/#website\"},\"primaryImageOfPage\":{\"@id\":\"https:\/\/www.casaoceanocostarica.com\/villa-activities\/boogie-boarding\/#primaryimage\"},\"image\":{\"@id\":\"https:\/\/www.casaoceanocostarica.com\/villa-activities\/boogie-boarding\/#primaryimage\"},\"thumbnailUrl\":\"https:\/\/www.casaoceanocostarica.com\/wp-content\/uploads\/2019\/06\/boogieboarding2.jpg\",\"datePublished\":\"2013-11-14T18:03:57+00:00\",\"dateModified\":\"2019-12-20T13:59:35+00:00\",\"description\":\"A muchos hu\u00e9spedes que vacacionan en Casa Oceano les gusta ir a surfear en las olas frente a la casa. El tama\u00f1o de la ola variar\u00e1 seg\u00fan las mareas, las condiciones de tormenta y la hora del d\u00eda.\",\"breadcrumb\":{\"@id\":\"https:\/\/www.casaoceanocostarica.com\/villa-activities\/boogie-boarding\/#breadcrumb\"},\"inLanguage\":\"es\",\"potentialAction\":[{\"@type\":\"ReadAction\",\"target\":[\"https:\/\/www.casaoceanocostarica.com\/villa-activities\/boogie-boarding\/\"]}]},{\"@type\":\"ImageObject\",\"inLanguage\":\"es\",\"@id\":\"https:\/\/www.casaoceanocostarica.com\/villa-activities\/boogie-boarding\/#primaryimage\",\"url\":\"https:\/\/www.casaoceanocostarica.com\/wp-content\/uploads\/2019\/06\/boogieboarding2.jpg\",\"contentUrl\":\"https:\/\/www.casaoceanocostarica.com\/wp-content\/uploads\/2019\/06\/boogieboarding2.jpg\"},{\"@type\":\"BreadcrumbList\",\"@id\":\"https:\/\/www.casaoceanocostarica.com\/villa-activities\/boogie-boarding\/#breadcrumb\",\"itemListElement\":[{\"@type\":\"ListItem\",\"position\":1,\"name\":\"Home\",\"item\":\"https:\/\/www.casaoceanocostarica.com\/es\/\"},{\"@type\":\"ListItem\",\"position\":2,\"name\":\"Actividades en la villa\",\"item\":\"https:\/\/www.casaoceanocostarica.com\/villa-activities\/\"},{\"@type\":\"ListItem\",\"position\":3,\"name\":\"Boogie Boarding\"}]},{\"@type\":\"WebSite\",\"@id\":\"https:\/\/www.casaoceanocostarica.com\/#website\",\"url\":\"https:\/\/www.casaoceanocostarica.com\/\",\"name\":\"Casa Oceano\",\"description\":\"\",\"potentialAction\":[{\"@type\":\"SearchAction\",\"target\":{\"@type\":\"EntryPoint\",\"urlTemplate\":\"https:\/\/www.casaoceanocostarica.com\/?s={search_term_string}\"},\"query-input\":{\"@type\":\"PropertyValueSpecification\",\"valueRequired\":true,\"valueName\":\"search_term_string\"}}],\"inLanguage\":\"es\"}]}<\/script>\n<!-- \/ Yoast SEO plugin. -->","yoast_head_json":{"title":"Costa Rica Boogie-Boarding en Casa Oceano Vacaciones, olas en Costa Rica, Mal Pais","description":"A muchos hu\u00e9spedes que vacacionan en Casa Oceano les gusta ir a surfear en las olas frente a la casa. El tama\u00f1o de la ola variar\u00e1 seg\u00fan las mareas, las condiciones de tormenta y la hora del d\u00eda.","robots":{"index":"index","follow":"follow","max-snippet":"max-snippet:-1","max-image-preview":"max-image-preview:large","max-video-preview":"max-video-preview:-1"},"canonical":"https:\/\/www.casaoceanocostarica.com\/villa-activities\/boogie-boarding\/","og_locale":"es_ES","og_type":"article","og_title":"Costa Rica Boogie-Boarding en Casa Oceano Vacaciones, olas en Costa Rica, Mal Pais","og_description":"A muchos hu\u00e9spedes que vacacionan en Casa Oceano les gusta ir a surfear en las olas frente a la casa. El tama\u00f1o de la ola variar\u00e1 seg\u00fan las mareas, las condiciones de tormenta y la hora del d\u00eda.","og_url":"https:\/\/www.casaoceanocostarica.com\/villa-activities\/boogie-boarding\/","og_site_name":"Casa Oceano","article_modified_time":"2019-12-20T13:59:35+00:00","og_image":[{"url":"https:\/\/www.casaoceanocostarica.com\/wp-content\/uploads\/2019\/06\/boogieboarding2.jpg","type":"","width":"","height":""}],"twitter_misc":{"Tiempo de lectura":"1 minuto"},"schema":{"@context":"https:\/\/schema.org","@graph":[{"@type":"WebPage","@id":"https:\/\/www.casaoceanocostarica.com\/villa-activities\/boogie-boarding\/","url":"https:\/\/www.casaoceanocostarica.com\/villa-activities\/boogie-boarding\/","name":"Costa Rica Boogie-Boarding en Casa Oceano Vacaciones, olas en Costa Rica, Mal Pais","isPartOf":{"@id":"https:\/\/www.casaoceanocostarica.com\/#website"},"primaryImageOfPage":{"@id":"https:\/\/www.casaoceanocostarica.com\/villa-activities\/boogie-boarding\/#primaryimage"},"image":{"@id":"https:\/\/www.casaoceanocostarica.com\/villa-activities\/boogie-boarding\/#primaryimage"},"thumbnailUrl":"https:\/\/www.casaoceanocostarica.com\/wp-content\/uploads\/2019\/06\/boogieboarding2.jpg","datePublished":"2013-11-14T18:03:57+00:00","dateModified":"2019-12-20T13:59:35+00:00","description":"A muchos hu\u00e9spedes que vacacionan en Casa Oceano les gusta ir a surfear en las olas frente a la casa. El tama\u00f1o de la ola variar\u00e1 seg\u00fan las mareas, las condiciones de tormenta y la hora del d\u00eda.","breadcrumb":{"@id":"https:\/\/www.casaoceanocostarica.com\/villa-activities\/boogie-boarding\/#breadcrumb"},"inLanguage":"es","potentialAction":[{"@type":"ReadAction","target":["https:\/\/www.casaoceanocostarica.com\/villa-activities\/boogie-boarding\/"]}]},{"@type":"ImageObject","inLanguage":"es","@id":"https:\/\/www.casaoceanocostarica.com\/villa-activities\/boogie-boarding\/#primaryimage","url":"https:\/\/www.casaoceanocostarica.com\/wp-content\/uploads\/2019\/06\/boogieboarding2.jpg","contentUrl":"https:\/\/www.casaoceanocostarica.com\/wp-content\/uploads\/2019\/06\/boogieboarding2.jpg"},{"@type":"BreadcrumbList","@id":"https:\/\/www.casaoceanocostarica.com\/villa-activities\/boogie-boarding\/#breadcrumb","itemListElement":[{"@type":"ListItem","position":1,"name":"Home","item":"https:\/\/www.casaoceanocostarica.com\/es\/"},{"@type":"ListItem","position":2,"name":"Actividades en la villa","item":"https:\/\/www.casaoceanocostarica.com\/villa-activities\/"},{"@type":"ListItem","position":3,"name":"Boogie Boarding"}]},{"@type":"WebSite","@id":"https:\/\/www.casaoceanocostarica.com\/#website","url":"https:\/\/www.casaoceanocostarica.com\/","name":"Casa Oceano","description":"","potentialAction":[{"@type":"SearchAction","target":{"@type":"EntryPoint","urlTemplate":"https:\/\/www.casaoceanocostarica.com\/?s={search_term_string}"},"query-input":{"@type":"PropertyValueSpecification","valueRequired":true,"valueName":"search_term_string"}}],"inLanguage":"es"}]}},"_links":{"self":[{"href":"https:\/\/www.casaoceanocostarica.com\/es\/wp-json\/wp\/v2\/pages\/2190","targetHints":{"allow":["GET"]}}],"collection":[{"href":"https:\/\/www.casaoceanocostarica.com\/es\/wp-json\/wp\/v2\/pages"}],"about":[{"href":"https:\/\/www.casaoceanocostarica.com\/es\/wp-json\/wp\/v2\/types\/page"}],"author":[{"embeddable":true,"href":"https:\/\/www.casaoceanocostarica.com\/es\/wp-json\/wp\/v2\/users\/2"}],"replies":[{"embeddable":true,"href":"https:\/\/www.casaoceanocostarica.com\/es\/wp-json\/wp\/v2\/comments?post=2190"}],"version-history":[{"count":0,"href":"https:\/\/www.casaoceanocostarica.com\/es\/wp-json\/wp\/v2\/pages\/2190\/revisions"}],"up":[{"embeddable":true,"href":"https:\/\/www.casaoceanocostarica.com\/es\/wp-json\/wp\/v2\/pages\/2171"}],"wp:attachment":[{"href":"https:\/\/www.casaoceanocostarica.com\/es\/wp-json\/wp\/v2\/media?parent=2190"}],"curies":[{"name":"wp","href":"https:\/\/api.w.org\/{rel}","templated":true}]}}