{"id":2231,"date":"2013-09-20T05:42:47","date_gmt":"2013-09-20T05:42:47","guid":{"rendered":"https:\/\/www.casaoceanocostarica.com\/nearby-tours\/"},"modified":"2019-12-14T07:21:02","modified_gmt":"2019-12-14T13:21:02","slug":"recorridos-cercanos","status":"publish","type":"page","link":"https:\/\/www.casaoceanocostarica.com\/es\/recorridos-cercanos\/","title":{"rendered":"Recorridos cercanos"},"content":{"rendered":"\t\t<div data-elementor-type=\"wp-post\" data-elementor-id=\"2231\" class=\"elementor elementor-2231 elementor-24\" data-elementor-settings=\"{&quot;element_pack_global_tooltip_width&quot;:{&quot;unit&quot;:&quot;px&quot;,&quot;size&quot;:&quot;&quot;,&quot;sizes&quot;:[]},&quot;element_pack_global_tooltip_width_tablet&quot;:{&quot;unit&quot;:&quot;px&quot;,&quot;size&quot;:&quot;&quot;,&quot;sizes&quot;:[]},&quot;element_pack_global_tooltip_width_mobile&quot;:{&quot;unit&quot;:&quot;px&quot;,&quot;size&quot;:&quot;&quot;,&quot;sizes&quot;:[]},&quot;element_pack_global_tooltip_padding&quot;:{&quot;unit&quot;:&quot;px&quot;,&quot;top&quot;:&quot;&quot;,&quot;right&quot;:&quot;&quot;,&quot;bottom&quot;:&quot;&quot;,&quot;left&quot;:&quot;&quot;,&quot;isLinked&quot;:true},&quot;element_pack_global_tooltip_padding_tablet&quot;:{&quot;unit&quot;:&quot;px&quot;,&quot;top&quot;:&quot;&quot;,&quot;right&quot;:&quot;&quot;,&quot;bottom&quot;:&quot;&quot;,&quot;left&quot;:&quot;&quot;,&quot;isLinked&quot;:true},&quot;element_pack_global_tooltip_padding_mobile&quot;:{&quot;unit&quot;:&quot;px&quot;,&quot;top&quot;:&quot;&quot;,&quot;right&quot;:&quot;&quot;,&quot;bottom&quot;:&quot;&quot;,&quot;left&quot;:&quot;&quot;,&quot;isLinked&quot;:true},&quot;element_pack_global_tooltip_border_radius&quot;:{&quot;unit&quot;:&quot;px&quot;,&quot;top&quot;:&quot;&quot;,&quot;right&quot;:&quot;&quot;,&quot;bottom&quot;:&quot;&quot;,&quot;left&quot;:&quot;&quot;,&quot;isLinked&quot;:true},&quot;element_pack_global_tooltip_border_radius_tablet&quot;:{&quot;unit&quot;:&quot;px&quot;,&quot;top&quot;:&quot;&quot;,&quot;right&quot;:&quot;&quot;,&quot;bottom&quot;:&quot;&quot;,&quot;left&quot;:&quot;&quot;,&quot;isLinked&quot;:true},&quot;element_pack_global_tooltip_border_radius_mobile&quot;:{&quot;unit&quot;:&quot;px&quot;,&quot;top&quot;:&quot;&quot;,&quot;right&quot;:&quot;&quot;,&quot;bottom&quot;:&quot;&quot;,&quot;left&quot;:&quot;&quot;,&quot;isLinked&quot;:true}}\" data-elementor-post-type=\"page\">\n\t\t\t\t\t\t<section class=\"elementor-section elementor-top-section elementor-element elementor-element-268bd849 elementor-section-content-middle elementor-section-boxed elementor-section-height-default elementor-section-height-default\" data-id=\"268bd849\" data-element_type=\"section\" data-settings=\"{&quot;background_background&quot;:&quot;classic&quot;,&quot;background_motion_fx_motion_fx_mouse&quot;:&quot;yes&quot;,&quot;background_motion_fx_mouseTrack_effect&quot;:&quot;yes&quot;,&quot;background_motion_fx_mouseTrack_speed&quot;:{&quot;unit&quot;:&quot;px&quot;,&quot;size&quot;:0,&quot;sizes&quot;:[]}}\">\n\t\t\t\t\t\t\t<div class=\"elementor-background-overlay\"><\/div>\n\t\t\t\t\t\t\t<div class=\"elementor-container elementor-column-gap-default\">\n\t\t\t\t\t<div class=\"elementor-column elementor-col-100 elementor-top-column elementor-element elementor-element-4fc62f44\" data-id=\"4fc62f44\" data-element_type=\"column\">\n\t\t\t<div class=\"elementor-widget-wrap elementor-element-populated\">\n\t\t\t\t\t\t<div class=\"elementor-element elementor-element-2c6bfdc2 elementor-widget elementor-widget-heading\" data-id=\"2c6bfdc2\" data-element_type=\"widget\" data-widget_type=\"heading.default\">\n\t\t\t\t<div class=\"elementor-widget-container\">\n\t\t\t\t\t<h1 class=\"elementor-heading-title elementor-size-default\">Recorridos cercanos<\/h1>\t\t\t\t<\/div>\n\t\t\t\t<\/div>\n\t\t\t\t<div class=\"elementor-element elementor-element-6fd0b33f elementor-widget elementor-widget-text-editor\" data-id=\"6fd0b33f\" data-element_type=\"widget\" data-widget_type=\"text-editor.default\">\n\t\t\t\t<div class=\"elementor-widget-container\">\n\t\t\t\t\t\t\t\t\t<p>En Casa Oc\u00e9ano puede relajarse tanto como quiera o puede seleccionar cualquiera de los muchos recorridos de aventura como medio d\u00eda o todo un d\u00eda de pesca. Hay recorridos en cuadraciclos, viajes de buceo hacia la hermosa Isla Tortuga, giras cercanas de canopy, giras de observaci\u00f3n de aves en el estuario, al igual que visitas a dos parques cercanos: el parque privado biol\u00f3gico Cur\u00fa y el Parque Nacional Cabo Blanco. Adem\u00e1s los pueblos para surf en Mal Pa\u00eds y para tiendas de coloridos recuerdos en Montezuma satisfar\u00e1n su gusto por la aventura. Finalmente, algunas de las instalaciones del complejo como las canchas de golf y tenis o montar a caballo estar\u00e1n disponibles por un costo adicional.<\/p><p>Pero recuerde que hay muchas actividades para todos cerca de la villa.<\/p>\t\t\t\t\t\t\t\t<\/div>\n\t\t\t\t<\/div>\n\t\t\t\t<div class=\"elementor-element elementor-element-42960feb elementor-align-center elementor-widget elementor-widget-global elementor-global-1540 elementor-widget-bdt-advanced-button\" data-id=\"42960feb\" data-element_type=\"widget\" data-widget_type=\"bdt-advanced-button.default\">\n\t\t\t\t<div class=\"elementor-widget-container\">\n\t\t\t\t\t\t\t<div class=\"bdt-ep-button-wrapper\">\n\t\t\t<a href=\"https:\/\/www.casaoceanocostarica.com\/es\/reservaciones\/\" class=\"bdt-ep-button bdt-ep-button-effect-e bdt-ep-button-size-md elementor-animation-float\">\n\t\t\t\t\t\t<div class=\"bdt-ep-button-content-wrapper bdt-flex bdt-flex-middle bdt-flex-center  \" data-text=\"Reservar ahora\">\n\t\t\t\n\t\t\t<div class=\"bdt-ep-button-text\">\n\n\t\t\t\t<span class=\"avdbtn-text\">\n\t\t\t\t\tReservar ahora\t\t\t\t<\/span>\n\n\t\t\t\t\t\t\t<\/div>\n\n\t\t\t\n\t\t<\/div>\n\t\t\t\t\t<\/a>\n\t\t<\/div>\n\t\t\t\t\t\t<\/div>\n\t\t\t\t<\/div>\n\t\t\t\t\t<\/div>\n\t\t<\/div>\n\t\t\t\t\t<\/div>\n\t\t<\/section>\n\t\t\t\t<section class=\"elementor-section elementor-top-section elementor-element elementor-element-59e535f elementor-section-boxed elementor-section-height-default elementor-section-height-default\" data-id=\"59e535f\" data-element_type=\"section\">\n\t\t\t\t\t\t<div class=\"elementor-container elementor-column-gap-default\">\n\t\t\t\t\t<div class=\"elementor-column elementor-col-25 elementor-top-column elementor-element elementor-element-a7b6349\" data-id=\"a7b6349\" data-element_type=\"column\">\n\t\t\t<div class=\"elementor-widget-wrap elementor-element-populated\">\n\t\t\t\t\t\t<div class=\"elementor-element elementor-element-01c307f elementor-position-top elementor-widget elementor-widget-image-box\" data-id=\"01c307f\" data-element_type=\"widget\" data-widget_type=\"image-box.default\">\n\t\t\t\t<div class=\"elementor-widget-container\">\n\t\t\t\t\t<div class=\"elementor-image-box-wrapper\"><figure class=\"elementor-image-box-img\"><a href=\"https:\/\/www.casaoceanocostarica.com\/es\/recorridos-cercanos\/giras-de-pesca\/\" tabindex=\"-1\"><img decoding=\"async\" src=\"https:\/\/www.casaoceanocostarica.com\/wp-content\/uploads\/elementor\/thumbs\/trophyfishs-lntpccrurguguccspkzlbem9uv73irszvrtb82lk28.jpg\" title=\"trophyfishs\" alt=\"Half day and full day sport fishing charters\" loading=\"lazy\" \/><\/a><\/figure><div class=\"elementor-image-box-content\"><h3 class=\"elementor-image-box-title\"><a href=\"https:\/\/www.casaoceanocostarica.com\/es\/recorridos-cercanos\/giras-de-pesca\/\">Pesca<\/a><\/h3><\/div><\/div>\t\t\t\t<\/div>\n\t\t\t\t<\/div>\n\t\t\t\t\t<\/div>\n\t\t<\/div>\n\t\t\t\t<div class=\"elementor-column elementor-col-25 elementor-top-column elementor-element elementor-element-b49c042\" data-id=\"b49c042\" data-element_type=\"column\">\n\t\t\t<div class=\"elementor-widget-wrap elementor-element-populated\">\n\t\t\t\t\t\t<div class=\"elementor-element elementor-element-a186922 elementor-position-top elementor-widget elementor-widget-image-box\" data-id=\"a186922\" data-element_type=\"widget\" data-widget_type=\"image-box.default\">\n\t\t\t\t<div class=\"elementor-widget-container\">\n\t\t\t\t\t<div class=\"elementor-image-box-wrapper\"><figure class=\"elementor-image-box-img\"><a href=\"https:\/\/www.casaoceanocostarica.com\/es\/recorridos-cercanos\/recorridos-en-cuadraciclo\/\" tabindex=\"-1\"><img decoding=\"async\" src=\"https:\/\/www.casaoceanocostarica.com\/wp-content\/uploads\/elementor\/thumbs\/atv-ocean-riding-lntper90884uigv6omd9ossoibcv6xcavntzdj1c5s.jpg\" title=\"atv-ocean-riding\" alt=\"atv-ocean-riding\" loading=\"lazy\" \/><\/a><\/figure><div class=\"elementor-image-box-content\"><h3 class=\"elementor-image-box-title\"><a href=\"https:\/\/www.casaoceanocostarica.com\/es\/recorridos-cercanos\/recorridos-en-cuadraciclo\/\">Cuadraciclos<\/a><\/h3><\/div><\/div>\t\t\t\t<\/div>\n\t\t\t\t<\/div>\n\t\t\t\t\t<\/div>\n\t\t<\/div>\n\t\t\t\t<div class=\"elementor-column elementor-col-25 elementor-top-column elementor-element elementor-element-9c030e3\" data-id=\"9c030e3\" data-element_type=\"column\">\n\t\t\t<div class=\"elementor-widget-wrap elementor-element-populated\">\n\t\t\t\t\t\t<div class=\"elementor-element elementor-element-bdad239 elementor-position-top elementor-widget elementor-widget-image-box\" data-id=\"bdad239\" data-element_type=\"widget\" data-widget_type=\"image-box.default\">\n\t\t\t\t<div class=\"elementor-widget-container\">\n\t\t\t\t\t<div class=\"elementor-image-box-wrapper\"><figure class=\"elementor-image-box-img\"><a href=\"https:\/\/www.casaoceanocostarica.com\/es\/recorridos-cercanos\/aventura-en-el-canopy-en-montezuma\/\" tabindex=\"-1\"><img decoding=\"async\" src=\"https:\/\/www.casaoceanocostarica.com\/wp-content\/uploads\/elementor\/thumbs\/canopy-ride-o9sv5dlamu8vyblhfmg0t6099f53n3npl4oyx4ji6o.jpg\" title=\"canopy-ride\" alt=\"canopy-ride\" loading=\"lazy\" \/><\/a><\/figure><div class=\"elementor-image-box-content\"><h3 class=\"elementor-image-box-title\"><a href=\"https:\/\/www.casaoceanocostarica.com\/es\/recorridos-cercanos\/aventura-en-el-canopy-en-montezuma\/\">Canopy<\/a><\/h3><\/div><\/div>\t\t\t\t<\/div>\n\t\t\t\t<\/div>\n\t\t\t\t\t<\/div>\n\t\t<\/div>\n\t\t\t\t<div class=\"elementor-column elementor-col-25 elementor-top-column elementor-element elementor-element-9d87ac7\" data-id=\"9d87ac7\" data-element_type=\"column\">\n\t\t\t<div class=\"elementor-widget-wrap elementor-element-populated\">\n\t\t\t\t\t\t<div class=\"elementor-element elementor-element-6b50242 elementor-position-top elementor-widget elementor-widget-image-box\" data-id=\"6b50242\" data-element_type=\"widget\" data-widget_type=\"image-box.default\">\n\t\t\t\t<div class=\"elementor-widget-container\">\n\t\t\t\t\t<div class=\"elementor-image-box-wrapper\"><figure class=\"elementor-image-box-img\"><a href=\"https:\/\/www.casaoceanocostarica.com\/es\/recorridos-cercanos\/gira-de-buceo-a-isla-tortuga\/\" tabindex=\"-1\"><img decoding=\"async\" src=\"https:\/\/www.casaoceanocostarica.com\/wp-content\/uploads\/elementor\/thumbs\/snorkeler-lntpbvurcg7b1d1dgdob2ivz5xiho7xttg2kl3an68.jpg\" title=\"snorkeler\" alt=\"snorkeler\" loading=\"lazy\" \/><\/a><\/figure><div class=\"elementor-image-box-content\"><h3 class=\"elementor-image-box-title\"><a href=\"https:\/\/www.casaoceanocostarica.com\/es\/recorridos-cercanos\/gira-de-buceo-a-isla-tortuga\/\">Buceo<\/a><\/h3><\/div><\/div>\t\t\t\t<\/div>\n\t\t\t\t<\/div>\n\t\t\t\t\t<\/div>\n\t\t<\/div>\n\t\t\t\t\t<\/div>\n\t\t<\/section>\n\t\t\t\t<section class=\"elementor-section elementor-top-section elementor-element elementor-element-5b284064 elementor-section-content-middle elementor-section-boxed elementor-section-height-default elementor-section-height-default\" data-id=\"5b284064\" data-element_type=\"section\" data-settings=\"{&quot;background_background&quot;:&quot;classic&quot;}\">\n\t\t\t\t\t\t<div class=\"elementor-container elementor-column-gap-no\">\n\t\t\t\t\t<div class=\"elementor-column elementor-col-100 elementor-top-column elementor-element elementor-element-b6904d7\" data-id=\"b6904d7\" data-element_type=\"column\">\n\t\t\t<div class=\"elementor-widget-wrap elementor-element-populated\">\n\t\t\t\t\t\t<div class=\"elementor-element elementor-element-28719049 elementor-widget elementor-widget-spacer\" data-id=\"28719049\" data-element_type=\"widget\" data-widget_type=\"spacer.default\">\n\t\t\t\t<div class=\"elementor-widget-container\">\n\t\t\t\t\t\t\t<div class=\"elementor-spacer\">\n\t\t\t<div class=\"elementor-spacer-inner\"><\/div>\n\t\t<\/div>\n\t\t\t\t\t\t<\/div>\n\t\t\t\t<\/div>\n\t\t\t\t<div class=\"elementor-element elementor-element-112d876f elementor-widget elementor-widget-heading\" data-id=\"112d876f\" data-element_type=\"widget\" data-widget_type=\"heading.default\">\n\t\t\t\t<div class=\"elementor-widget-container\">\n\t\t\t\t\t<h2 class=\"elementor-heading-title elementor-size-default\">\u00bfNecesita m\u00e1s informaci\u00f3n?<\/h2>\t\t\t\t<\/div>\n\t\t\t\t<\/div>\n\t\t\t\t<div class=\"elementor-element elementor-element-676c9d2c elementor-align-center elementor-widget elementor-widget-global elementor-global-1681 elementor-widget-button\" data-id=\"676c9d2c\" data-element_type=\"widget\" data-widget_type=\"button.default\">\n\t\t\t\t<div class=\"elementor-widget-container\">\n\t\t\t\t\t\t\t\t\t<div class=\"elementor-button-wrapper\">\n\t\t\t\t\t<a class=\"elementor-button elementor-button-link elementor-size-sm elementor-animation-grow\" href=\"https:\/\/www.casaoceanocostarica.com\/es\/reservaciones\/\">\n\t\t\t\t\t\t<span class=\"elementor-button-content-wrapper\">\n\t\t\t\t\t\t\t\t\t<span class=\"elementor-button-text\">P\u00f3ngase en contacto<\/span>\n\t\t\t\t\t<\/span>\n\t\t\t\t\t<\/a>\n\t\t\t\t<\/div>\n\t\t\t\t\t\t\t\t<\/div>\n\t\t\t\t<\/div>\n\t\t\t\t\t<\/div>\n\t\t<\/div>\n\t\t\t\t\t<\/div>\n\t\t<\/section>\n\t\t\t\t<\/div>\n\t\t","protected":false},"excerpt":{"rendered":"<p>Recorridos cercanos En Casa Oc\u00e9ano puede relajarse tanto como quiera o puede seleccionar cualquiera de los muchos recorridos de aventura como medio d\u00eda o todo un d\u00eda de pesca. Hay recorridos en cuadraciclos, viajes de buceo hacia la hermosa Isla Tortuga, giras cercanas de canopy, giras de observaci\u00f3n de aves en el estuario, al igual [&hellip;]<\/p>\n","protected":false},"author":2,"featured_media":0,"parent":0,"menu_order":0,"comment_status":"closed","ping_status":"closed","template":"elementor_header_footer","meta":{"footnotes":""},"class_list":["post-2231","page","type-page","status-publish","hentry"],"yoast_head":"<!-- This site is optimized with the Yoast SEO plugin v25.4 - https:\/\/yoast.com\/wordpress\/plugins\/seo\/ -->\n<title>Tours en Costa Rica, Isla Tortuga, Canopy Tours, Pesca deportiva, Pesca en alta mar, Cascada Montezuma, ATV, Parque Nacional Cabo Blanco<\/title>\n<meta name=\"description\" content=\"Hay muchos recorridos y actividades a poca distancia de Casa Oceano: recorridos de pesca deportiva, recorridos por la isla Tortuga, recorrido por la cascada Montezuma, recorridos en canopy, reserva privada Curu, Reserva Cabo Blanco \/ Parque Nacional y recorridos combinados.\" \/>\n<meta name=\"robots\" content=\"index, follow, max-snippet:-1, max-image-preview:large, max-video-preview:-1\" \/>\n<link rel=\"canonical\" href=\"https:\/\/www.casaoceanocostarica.com\/es\/recorridos-cercanos\/\" \/>\n<meta property=\"og:locale\" content=\"es_ES\" \/>\n<meta property=\"og:type\" content=\"article\" \/>\n<meta property=\"og:title\" content=\"Tours en Costa Rica, Isla Tortuga, Canopy Tours, Pesca deportiva, Pesca en alta mar, Cascada Montezuma, ATV, Parque Nacional Cabo Blanco\" \/>\n<meta property=\"og:description\" content=\"Hay muchos recorridos y actividades a poca distancia de Casa Oceano: recorridos de pesca deportiva, recorridos por la isla Tortuga, recorrido por la cascada Montezuma, recorridos en canopy, reserva privada Curu, Reserva Cabo Blanco \/ Parque Nacional y recorridos combinados.\" \/>\n<meta property=\"og:url\" content=\"https:\/\/www.casaoceanocostarica.com\/es\/recorridos-cercanos\/\" \/>\n<meta property=\"og:site_name\" content=\"Casa Oceano\" \/>\n<meta property=\"article:modified_time\" content=\"2019-12-14T13:21:02+00:00\" \/>\n<meta property=\"og:image\" content=\"https:\/\/www.casaoceanocostarica.com\/wp-content\/uploads\/elementor\/thumbs\/trophyfishs-lntpccrurguguccspkzlbem9uv73irszvrtb82lk28.jpg\" \/>\n<meta name=\"twitter:label1\" content=\"Tiempo de lectura\" \/>\n\t<meta name=\"twitter:data1\" content=\"1 minuto\" \/>\n<script type=\"application\/ld+json\" class=\"yoast-schema-graph\">{\"@context\":\"https:\/\/schema.org\",\"@graph\":[{\"@type\":\"WebPage\",\"@id\":\"https:\/\/www.casaoceanocostarica.com\/es\/recorridos-cercanos\/\",\"url\":\"https:\/\/www.casaoceanocostarica.com\/es\/recorridos-cercanos\/\",\"name\":\"Tours en Costa Rica, Isla Tortuga, Canopy Tours, Pesca deportiva, Pesca en alta mar, Cascada Montezuma, ATV, Parque Nacional Cabo Blanco\",\"isPartOf\":{\"@id\":\"https:\/\/www.casaoceanocostarica.com\/#website\"},\"primaryImageOfPage\":{\"@id\":\"https:\/\/www.casaoceanocostarica.com\/es\/recorridos-cercanos\/#primaryimage\"},\"image\":{\"@id\":\"https:\/\/www.casaoceanocostarica.com\/es\/recorridos-cercanos\/#primaryimage\"},\"thumbnailUrl\":\"https:\/\/www.casaoceanocostarica.com\/wp-content\/uploads\/elementor\/thumbs\/trophyfishs-lntpccrurguguccspkzlbem9uv73irszvrtb82lk28.jpg\",\"datePublished\":\"2013-09-20T05:42:47+00:00\",\"dateModified\":\"2019-12-14T13:21:02+00:00\",\"description\":\"Hay muchos recorridos y actividades a poca distancia de Casa Oceano: recorridos de pesca deportiva, recorridos por la isla Tortuga, recorrido por la cascada Montezuma, recorridos en canopy, reserva privada Curu, Reserva Cabo Blanco \/ Parque Nacional y recorridos combinados.\",\"breadcrumb\":{\"@id\":\"https:\/\/www.casaoceanocostarica.com\/es\/recorridos-cercanos\/#breadcrumb\"},\"inLanguage\":\"es\",\"potentialAction\":[{\"@type\":\"ReadAction\",\"target\":[\"https:\/\/www.casaoceanocostarica.com\/es\/recorridos-cercanos\/\"]}]},{\"@type\":\"ImageObject\",\"inLanguage\":\"es\",\"@id\":\"https:\/\/www.casaoceanocostarica.com\/es\/recorridos-cercanos\/#primaryimage\",\"url\":\"https:\/\/www.casaoceanocostarica.com\/wp-content\/uploads\/elementor\/thumbs\/trophyfishs-lntpccrurguguccspkzlbem9uv73irszvrtb82lk28.jpg\",\"contentUrl\":\"https:\/\/www.casaoceanocostarica.com\/wp-content\/uploads\/elementor\/thumbs\/trophyfishs-lntpccrurguguccspkzlbem9uv73irszvrtb82lk28.jpg\"},{\"@type\":\"BreadcrumbList\",\"@id\":\"https:\/\/www.casaoceanocostarica.com\/es\/recorridos-cercanos\/#breadcrumb\",\"itemListElement\":[{\"@type\":\"ListItem\",\"position\":1,\"name\":\"Home\",\"item\":\"https:\/\/www.casaoceanocostarica.com\/es\/\"},{\"@type\":\"ListItem\",\"position\":2,\"name\":\"Recorridos cercanos\"}]},{\"@type\":\"WebSite\",\"@id\":\"https:\/\/www.casaoceanocostarica.com\/#website\",\"url\":\"https:\/\/www.casaoceanocostarica.com\/\",\"name\":\"Casa Oceano\",\"description\":\"\",\"potentialAction\":[{\"@type\":\"SearchAction\",\"target\":{\"@type\":\"EntryPoint\",\"urlTemplate\":\"https:\/\/www.casaoceanocostarica.com\/?s={search_term_string}\"},\"query-input\":{\"@type\":\"PropertyValueSpecification\",\"valueRequired\":true,\"valueName\":\"search_term_string\"}}],\"inLanguage\":\"es\"}]}<\/script>\n<!-- \/ Yoast SEO plugin. -->","yoast_head_json":{"title":"Tours en Costa Rica, Isla Tortuga, Canopy Tours, Pesca deportiva, Pesca en alta mar, Cascada Montezuma, ATV, Parque Nacional Cabo Blanco","description":"Hay muchos recorridos y actividades a poca distancia de Casa Oceano: recorridos de pesca deportiva, recorridos por la isla Tortuga, recorrido por la cascada Montezuma, recorridos en canopy, reserva privada Curu, Reserva Cabo Blanco \/ Parque Nacional y recorridos combinados.","robots":{"index":"index","follow":"follow","max-snippet":"max-snippet:-1","max-image-preview":"max-image-preview:large","max-video-preview":"max-video-preview:-1"},"canonical":"https:\/\/www.casaoceanocostarica.com\/es\/recorridos-cercanos\/","og_locale":"es_ES","og_type":"article","og_title":"Tours en Costa Rica, Isla Tortuga, Canopy Tours, Pesca deportiva, Pesca en alta mar, Cascada Montezuma, ATV, Parque Nacional Cabo Blanco","og_description":"Hay muchos recorridos y actividades a poca distancia de Casa Oceano: recorridos de pesca deportiva, recorridos por la isla Tortuga, recorrido por la cascada Montezuma, recorridos en canopy, reserva privada Curu, Reserva Cabo Blanco \/ Parque Nacional y recorridos combinados.","og_url":"https:\/\/www.casaoceanocostarica.com\/es\/recorridos-cercanos\/","og_site_name":"Casa Oceano","article_modified_time":"2019-12-14T13:21:02+00:00","og_image":[{"url":"https:\/\/www.casaoceanocostarica.com\/wp-content\/uploads\/elementor\/thumbs\/trophyfishs-lntpccrurguguccspkzlbem9uv73irszvrtb82lk28.jpg","type":"","width":"","height":""}],"twitter_misc":{"Tiempo de lectura":"1 minuto"},"schema":{"@context":"https:\/\/schema.org","@graph":[{"@type":"WebPage","@id":"https:\/\/www.casaoceanocostarica.com\/es\/recorridos-cercanos\/","url":"https:\/\/www.casaoceanocostarica.com\/es\/recorridos-cercanos\/","name":"Tours en Costa Rica, Isla Tortuga, Canopy Tours, Pesca deportiva, Pesca en alta mar, Cascada Montezuma, ATV, Parque Nacional Cabo Blanco","isPartOf":{"@id":"https:\/\/www.casaoceanocostarica.com\/#website"},"primaryImageOfPage":{"@id":"https:\/\/www.casaoceanocostarica.com\/es\/recorridos-cercanos\/#primaryimage"},"image":{"@id":"https:\/\/www.casaoceanocostarica.com\/es\/recorridos-cercanos\/#primaryimage"},"thumbnailUrl":"https:\/\/www.casaoceanocostarica.com\/wp-content\/uploads\/elementor\/thumbs\/trophyfishs-lntpccrurguguccspkzlbem9uv73irszvrtb82lk28.jpg","datePublished":"2013-09-20T05:42:47+00:00","dateModified":"2019-12-14T13:21:02+00:00","description":"Hay muchos recorridos y actividades a poca distancia de Casa Oceano: recorridos de pesca deportiva, recorridos por la isla Tortuga, recorrido por la cascada Montezuma, recorridos en canopy, reserva privada Curu, Reserva Cabo Blanco \/ Parque Nacional y recorridos combinados.","breadcrumb":{"@id":"https:\/\/www.casaoceanocostarica.com\/es\/recorridos-cercanos\/#breadcrumb"},"inLanguage":"es","potentialAction":[{"@type":"ReadAction","target":["https:\/\/www.casaoceanocostarica.com\/es\/recorridos-cercanos\/"]}]},{"@type":"ImageObject","inLanguage":"es","@id":"https:\/\/www.casaoceanocostarica.com\/es\/recorridos-cercanos\/#primaryimage","url":"https:\/\/www.casaoceanocostarica.com\/wp-content\/uploads\/elementor\/thumbs\/trophyfishs-lntpccrurguguccspkzlbem9uv73irszvrtb82lk28.jpg","contentUrl":"https:\/\/www.casaoceanocostarica.com\/wp-content\/uploads\/elementor\/thumbs\/trophyfishs-lntpccrurguguccspkzlbem9uv73irszvrtb82lk28.jpg"},{"@type":"BreadcrumbList","@id":"https:\/\/www.casaoceanocostarica.com\/es\/recorridos-cercanos\/#breadcrumb","itemListElement":[{"@type":"ListItem","position":1,"name":"Home","item":"https:\/\/www.casaoceanocostarica.com\/es\/"},{"@type":"ListItem","position":2,"name":"Recorridos cercanos"}]},{"@type":"WebSite","@id":"https:\/\/www.casaoceanocostarica.com\/#website","url":"https:\/\/www.casaoceanocostarica.com\/","name":"Casa Oceano","description":"","potentialAction":[{"@type":"SearchAction","target":{"@type":"EntryPoint","urlTemplate":"https:\/\/www.casaoceanocostarica.com\/?s={search_term_string}"},"query-input":{"@type":"PropertyValueSpecification","valueRequired":true,"valueName":"search_term_string"}}],"inLanguage":"es"}]}},"_links":{"self":[{"href":"https:\/\/www.casaoceanocostarica.com\/es\/wp-json\/wp\/v2\/pages\/2231","targetHints":{"allow":["GET"]}}],"collection":[{"href":"https:\/\/www.casaoceanocostarica.com\/es\/wp-json\/wp\/v2\/pages"}],"about":[{"href":"https:\/\/www.casaoceanocostarica.com\/es\/wp-json\/wp\/v2\/types\/page"}],"author":[{"embeddable":true,"href":"https:\/\/www.casaoceanocostarica.com\/es\/wp-json\/wp\/v2\/users\/2"}],"replies":[{"embeddable":true,"href":"https:\/\/www.casaoceanocostarica.com\/es\/wp-json\/wp\/v2\/comments?post=2231"}],"version-history":[{"count":0,"href":"https:\/\/www.casaoceanocostarica.com\/es\/wp-json\/wp\/v2\/pages\/2231\/revisions"}],"wp:attachment":[{"href":"https:\/\/www.casaoceanocostarica.com\/es\/wp-json\/wp\/v2\/media?parent=2231"}],"curies":[{"name":"wp","href":"https:\/\/api.w.org\/{rel}","templated":true}]}}