{"id":2253,"date":"2013-09-20T05:39:21","date_gmt":"2013-09-20T05:39:21","guid":{"rendered":"https:\/\/www.casaoceanocostarica.com\/amenities\/"},"modified":"2019-12-14T06:05:53","modified_gmt":"2019-12-14T12:05:53","slug":"amenities","status":"publish","type":"page","link":"https:\/\/www.casaoceanocostarica.com\/es\/amenities\/","title":{"rendered":"Comodidades"},"content":{"rendered":"\t\t<div data-elementor-type=\"wp-post\" data-elementor-id=\"2253\" class=\"elementor elementor-2253 elementor-6\" data-elementor-settings=\"{&quot;element_pack_global_tooltip_width&quot;:{&quot;unit&quot;:&quot;px&quot;,&quot;size&quot;:&quot;&quot;,&quot;sizes&quot;:[]},&quot;element_pack_global_tooltip_width_tablet&quot;:{&quot;unit&quot;:&quot;px&quot;,&quot;size&quot;:&quot;&quot;,&quot;sizes&quot;:[]},&quot;element_pack_global_tooltip_width_mobile&quot;:{&quot;unit&quot;:&quot;px&quot;,&quot;size&quot;:&quot;&quot;,&quot;sizes&quot;:[]},&quot;element_pack_global_tooltip_padding&quot;:{&quot;unit&quot;:&quot;px&quot;,&quot;top&quot;:&quot;&quot;,&quot;right&quot;:&quot;&quot;,&quot;bottom&quot;:&quot;&quot;,&quot;left&quot;:&quot;&quot;,&quot;isLinked&quot;:true},&quot;element_pack_global_tooltip_padding_tablet&quot;:{&quot;unit&quot;:&quot;px&quot;,&quot;top&quot;:&quot;&quot;,&quot;right&quot;:&quot;&quot;,&quot;bottom&quot;:&quot;&quot;,&quot;left&quot;:&quot;&quot;,&quot;isLinked&quot;:true},&quot;element_pack_global_tooltip_padding_mobile&quot;:{&quot;unit&quot;:&quot;px&quot;,&quot;top&quot;:&quot;&quot;,&quot;right&quot;:&quot;&quot;,&quot;bottom&quot;:&quot;&quot;,&quot;left&quot;:&quot;&quot;,&quot;isLinked&quot;:true},&quot;element_pack_global_tooltip_border_radius&quot;:{&quot;unit&quot;:&quot;px&quot;,&quot;top&quot;:&quot;&quot;,&quot;right&quot;:&quot;&quot;,&quot;bottom&quot;:&quot;&quot;,&quot;left&quot;:&quot;&quot;,&quot;isLinked&quot;:true},&quot;element_pack_global_tooltip_border_radius_tablet&quot;:{&quot;unit&quot;:&quot;px&quot;,&quot;top&quot;:&quot;&quot;,&quot;right&quot;:&quot;&quot;,&quot;bottom&quot;:&quot;&quot;,&quot;left&quot;:&quot;&quot;,&quot;isLinked&quot;:true},&quot;element_pack_global_tooltip_border_radius_mobile&quot;:{&quot;unit&quot;:&quot;px&quot;,&quot;top&quot;:&quot;&quot;,&quot;right&quot;:&quot;&quot;,&quot;bottom&quot;:&quot;&quot;,&quot;left&quot;:&quot;&quot;,&quot;isLinked&quot;:true}}\" data-elementor-post-type=\"page\">\n\t\t\t\t\t\t<section class=\"elementor-section elementor-top-section elementor-element elementor-element-3c8565f elementor-section-full_width elementor-section-height-min-height elementor-section-items-stretch light-blue-background elementor-section-height-default\" data-id=\"3c8565f\" data-element_type=\"section\">\n\t\t\t\t\t\t<div class=\"elementor-container elementor-column-gap-default\">\n\t\t\t\t\t<div class=\"elementor-column elementor-col-50 elementor-top-column elementor-element elementor-element-91bb02c\" data-id=\"91bb02c\" data-element_type=\"column\" data-settings=\"{&quot;background_background&quot;:&quot;classic&quot;}\">\n\t\t\t<div class=\"elementor-widget-wrap elementor-element-populated\">\n\t\t\t\t\t<div class=\"elementor-background-overlay\"><\/div>\n\t\t\t\t\t\t<div class=\"elementor-element elementor-element-a1559a9 elementor-widget elementor-widget-heading\" data-id=\"a1559a9\" data-element_type=\"widget\" data-widget_type=\"heading.default\">\n\t\t\t\t<div class=\"elementor-widget-container\">\n\t\t\t\t\t<h2 class=\"elementor-heading-title elementor-size-default\">La cocina gourmet<\/h2>\t\t\t\t<\/div>\n\t\t\t\t<\/div>\n\t\t\t\t\t<\/div>\n\t\t<\/div>\n\t\t\t\t<div class=\"elementor-column elementor-col-50 elementor-top-column elementor-element elementor-element-5416959\" data-id=\"5416959\" data-element_type=\"column\">\n\t\t\t<div class=\"elementor-widget-wrap elementor-element-populated\">\n\t\t\t\t\t\t<div class=\"elementor-element elementor-element-8cc5b9c elementor-widget elementor-widget-text-editor\" data-id=\"8cc5b9c\" data-element_type=\"widget\" data-widget_type=\"text-editor.default\">\n\t\t\t\t<div class=\"elementor-widget-container\">\n\t\t\t\t\t\t\t\t\t<ul><li>Microondas<\/li><li>Olla el\u00e9ctrica<\/li><li>Batidora Kitchen Aid<\/li><li>M\u00e1quina para el caf\u00e9<\/li><li>M\u00e1quina para capuchino<\/li><li>Moledor de caf\u00e9<\/li><li>Procesador de comidas<\/li><li>Licuadora<\/li><li>Cocina italiana comercial a gas con Horno<\/li><li>Hielera port\u00e1til de acero inoxidable para bebidas y hielo<\/li><li>Refrigerador grande de acero inoxidable<\/li><li>Refrigerador peque\u00f1o para bebidas<\/li><li>Cubiertos para 20 personas<\/li><li>Ollas de cocina de calidad \/ Utensilios\/ Cuchillos<\/li><li>Lavaplatos<\/li><\/ul>\t\t\t\t\t\t\t\t<\/div>\n\t\t\t\t<\/div>\n\t\t\t\t\t<\/div>\n\t\t<\/div>\n\t\t\t\t\t<\/div>\n\t\t<\/section>\n\t\t\t\t<section class=\"elementor-section elementor-top-section elementor-element elementor-element-c2ffa49 elementor-hidden-desktop elementor-hidden-tablet elementor-section-boxed elementor-section-height-default elementor-section-height-default\" data-id=\"c2ffa49\" data-element_type=\"section\">\n\t\t\t\t\t\t<div class=\"elementor-container elementor-column-gap-default\">\n\t\t\t\t\t<div class=\"elementor-column elementor-col-100 elementor-top-column elementor-element elementor-element-8df7f3b\" data-id=\"8df7f3b\" data-element_type=\"column\" data-settings=\"{&quot;background_background&quot;:&quot;classic&quot;}\">\n\t\t\t<div class=\"elementor-widget-wrap elementor-element-populated\">\n\t\t\t\t\t<div class=\"elementor-background-overlay\"><\/div>\n\t\t\t\t\t\t<div class=\"elementor-element elementor-element-9a559f0 elementor-widget elementor-widget-heading\" data-id=\"9a559f0\" data-element_type=\"widget\" data-widget_type=\"heading.default\">\n\t\t\t\t<div class=\"elementor-widget-container\">\n\t\t\t\t\t<h2 class=\"elementor-heading-title elementor-size-default\">Bedrooms<\/h2>\t\t\t\t<\/div>\n\t\t\t\t<\/div>\n\t\t\t\t\t<\/div>\n\t\t<\/div>\n\t\t\t\t\t<\/div>\n\t\t<\/section>\n\t\t\t\t<section class=\"elementor-section elementor-top-section elementor-element elementor-element-cd171ef elementor-section-full_width elementor-section-height-min-height elementor-section-items-stretch light-blue-background elementor-section-height-default\" data-id=\"cd171ef\" data-element_type=\"section\">\n\t\t\t\t\t\t<div class=\"elementor-container elementor-column-gap-default\">\n\t\t\t\t\t<div class=\"elementor-column elementor-col-50 elementor-top-column elementor-element elementor-element-add3e97\" data-id=\"add3e97\" data-element_type=\"column\">\n\t\t\t<div class=\"elementor-widget-wrap elementor-element-populated\">\n\t\t\t\t\t\t<div class=\"elementor-element elementor-element-c05b58e elementor-widget elementor-widget-text-editor\" data-id=\"c05b58e\" data-element_type=\"widget\" data-widget_type=\"text-editor.default\">\n\t\t\t\t<div class=\"elementor-widget-container\">\n\t\t\t\t\t\t\t\t\t<ul><li>Toallas grandes de ba\u00f1o<\/li><li>Toallas de playa grandes<\/li><li>Jab\u00f3n complementario Casa Oc\u00e9ano, champ\u00fa, Acondicionador<\/li><li>Secadoras de cabello<\/li><li>Seis tienen televisiones y consolas para DVD<\/li><li>Seis tienen canales satelitales premium de Sky<\/li><li>Seis tiene abanicos colgantes<\/li><li>Seis tienen aire acondicionado<\/li><li>Seis tienen linternas para hu\u00e9spedes<\/li><li>Tres tienen tinas jacuzzi<\/li><li>Cuatro tienen balcones privados<\/li><li>Una tiene abre hacia el patio con vista al mar<\/li><li>Cinco tiene vista al oc\u00e9ano<\/li><li>Tres tienen cajas de seguridad para objetos de valor y computadoras port\u00e1tiles<\/li><\/ul>\t\t\t\t\t\t\t\t<\/div>\n\t\t\t\t<\/div>\n\t\t\t\t\t<\/div>\n\t\t<\/div>\n\t\t\t\t<div class=\"elementor-column elementor-col-50 elementor-top-column elementor-element elementor-element-9368baa elementor-hidden-phone\" data-id=\"9368baa\" data-element_type=\"column\" data-settings=\"{&quot;background_background&quot;:&quot;classic&quot;}\">\n\t\t\t<div class=\"elementor-widget-wrap elementor-element-populated\">\n\t\t\t\t\t<div class=\"elementor-background-overlay\"><\/div>\n\t\t\t\t\t\t<div class=\"elementor-element elementor-element-8e8f83a elementor-widget elementor-widget-heading\" data-id=\"8e8f83a\" data-element_type=\"widget\" data-widget_type=\"heading.default\">\n\t\t\t\t<div class=\"elementor-widget-container\">\n\t\t\t\t\t<h2 class=\"elementor-heading-title elementor-size-default\">Habitaciones<\/h2>\t\t\t\t<\/div>\n\t\t\t\t<\/div>\n\t\t\t\t\t<\/div>\n\t\t<\/div>\n\t\t\t\t\t<\/div>\n\t\t<\/section>\n\t\t\t\t<section class=\"elementor-section elementor-top-section elementor-element elementor-element-19cc02b elementor-section-full_width elementor-section-height-min-height elementor-section-items-stretch light-blue-background elementor-section-height-default\" data-id=\"19cc02b\" data-element_type=\"section\">\n\t\t\t\t\t\t<div class=\"elementor-container elementor-column-gap-default\">\n\t\t\t\t\t<div class=\"elementor-column elementor-col-50 elementor-top-column elementor-element elementor-element-ff7b4e5\" data-id=\"ff7b4e5\" data-element_type=\"column\" data-settings=\"{&quot;background_background&quot;:&quot;classic&quot;}\">\n\t\t\t<div class=\"elementor-widget-wrap elementor-element-populated\">\n\t\t\t\t\t<div class=\"elementor-background-overlay\"><\/div>\n\t\t\t\t\t\t<div class=\"elementor-element elementor-element-36ee35a elementor-widget elementor-widget-heading\" data-id=\"36ee35a\" data-element_type=\"widget\" data-widget_type=\"heading.default\">\n\t\t\t\t<div class=\"elementor-widget-container\">\n\t\t\t\t\t<h2 class=\"elementor-heading-title elementor-size-default\">Piscina infinita frente al oc\u00e9ano<\/h2>\t\t\t\t<\/div>\n\t\t\t\t<\/div>\n\t\t\t\t\t<\/div>\n\t\t<\/div>\n\t\t\t\t<div class=\"elementor-column elementor-col-50 elementor-top-column elementor-element elementor-element-51e85f3\" data-id=\"51e85f3\" data-element_type=\"column\">\n\t\t\t<div class=\"elementor-widget-wrap elementor-element-populated\">\n\t\t\t\t\t\t<div class=\"elementor-element elementor-element-e711590 elementor-widget elementor-widget-text-editor\" data-id=\"e711590\" data-element_type=\"widget\" data-widget_type=\"text-editor.default\">\n\t\t\t\t<div class=\"elementor-widget-container\">\n\t\t\t\t\t\t\t\t\t<ul><li>Sistema de filtraci\u00f3n bajo en cloro especial para agua dulce<\/li><li>Terraza frente al mar, c\u00f3modas sillas<\/li><li>Equipo de personal de tres personas:<\/li><li>Conserje biling\u00fce, disponible 24\/7<\/li><li>Servicio de limpieza diaria<\/li><li>Persona para mantenimiento diario de la piscina, el jard\u00edn, y el terreno<\/li><li>Chef disponible con el plan de comida \u2013 Extra<\/li><\/ul>\t\t\t\t\t\t\t\t<\/div>\n\t\t\t\t<\/div>\n\t\t\t\t\t<\/div>\n\t\t<\/div>\n\t\t\t\t\t<\/div>\n\t\t<\/section>\n\t\t\t\t<section class=\"elementor-section elementor-top-section elementor-element elementor-element-f4e91ff elementor-hidden-desktop elementor-hidden-tablet elementor-section-boxed elementor-section-height-default elementor-section-height-default\" data-id=\"f4e91ff\" data-element_type=\"section\">\n\t\t\t\t\t\t<div class=\"elementor-container elementor-column-gap-default\">\n\t\t\t\t\t<div class=\"elementor-column elementor-col-100 elementor-top-column elementor-element elementor-element-45a2edb\" data-id=\"45a2edb\" data-element_type=\"column\" data-settings=\"{&quot;background_background&quot;:&quot;classic&quot;}\">\n\t\t\t<div class=\"elementor-widget-wrap elementor-element-populated\">\n\t\t\t\t\t<div class=\"elementor-background-overlay\"><\/div>\n\t\t\t\t\t\t<div class=\"elementor-element elementor-element-6c34148 elementor-widget elementor-widget-heading\" data-id=\"6c34148\" data-element_type=\"widget\" data-widget_type=\"heading.default\">\n\t\t\t\t<div class=\"elementor-widget-container\">\n\t\t\t\t\t<h2 class=\"elementor-heading-title elementor-size-default\">Electronics<\/h2>\t\t\t\t<\/div>\n\t\t\t\t<\/div>\n\t\t\t\t\t<\/div>\n\t\t<\/div>\n\t\t\t\t\t<\/div>\n\t\t<\/section>\n\t\t\t\t<section class=\"elementor-section elementor-top-section elementor-element elementor-element-814901a elementor-section-full_width elementor-section-height-min-height elementor-section-items-stretch light-blue-background elementor-section-height-default\" data-id=\"814901a\" data-element_type=\"section\">\n\t\t\t\t\t\t<div class=\"elementor-container elementor-column-gap-default\">\n\t\t\t\t\t<div class=\"elementor-column elementor-col-50 elementor-top-column elementor-element elementor-element-0dfdc6c\" data-id=\"0dfdc6c\" data-element_type=\"column\">\n\t\t\t<div class=\"elementor-widget-wrap elementor-element-populated\">\n\t\t\t\t\t\t<div class=\"elementor-element elementor-element-25994d5 elementor-widget elementor-widget-text-editor\" data-id=\"25994d5\" data-element_type=\"widget\" data-widget_type=\"text-editor.default\">\n\t\t\t\t<div class=\"elementor-widget-container\">\n\t\t\t\t\t\t\t\t\t<ul><li>Sala \u2013\u00a0 Televisor HD de 42 pulgadas, sistema de sonido de cine, DVD BlueRay, paquete de TV satelital Premium con 40 canales de m\u00fasica<\/li><li>Sistema de parlantes Bluetooth port\u00e1til<\/li><li>Sistema port\u00e1til m\u00e1s grande con Bluetooth para exteriores y la piscina<\/li><li>Conexi\u00f3n a Internet de alta velocidad\u2013 6mb<\/li><li>Impresora<\/li><li>Wi-Fi en toda la villa<\/li><li>Walkie-talkies<\/li><\/ul>\t\t\t\t\t\t\t\t<\/div>\n\t\t\t\t<\/div>\n\t\t\t\t\t<\/div>\n\t\t<\/div>\n\t\t\t\t<div class=\"elementor-column elementor-col-50 elementor-top-column elementor-element elementor-element-7aac8aa elementor-hidden-phone\" data-id=\"7aac8aa\" data-element_type=\"column\" data-settings=\"{&quot;background_background&quot;:&quot;classic&quot;}\">\n\t\t\t<div class=\"elementor-widget-wrap elementor-element-populated\">\n\t\t\t\t\t<div class=\"elementor-background-overlay\"><\/div>\n\t\t\t\t\t\t<div class=\"elementor-element elementor-element-08387ca elementor-widget elementor-widget-heading\" data-id=\"08387ca\" data-element_type=\"widget\" data-widget_type=\"heading.default\">\n\t\t\t\t<div class=\"elementor-widget-container\">\n\t\t\t\t\t<h2 class=\"elementor-heading-title elementor-size-default\">Electr\u00f3nicos<\/h2>\t\t\t\t<\/div>\n\t\t\t\t<\/div>\n\t\t\t\t\t<\/div>\n\t\t<\/div>\n\t\t\t\t\t<\/div>\n\t\t<\/section>\n\t\t\t\t<section class=\"elementor-section elementor-top-section elementor-element elementor-element-a89af85 elementor-section-full_width elementor-section-height-min-height elementor-section-items-stretch light-blue-background elementor-section-height-default\" data-id=\"a89af85\" data-element_type=\"section\">\n\t\t\t\t\t\t<div class=\"elementor-container elementor-column-gap-default\">\n\t\t\t\t\t<div class=\"elementor-column elementor-col-50 elementor-top-column elementor-element elementor-element-4f436bd\" data-id=\"4f436bd\" data-element_type=\"column\" data-settings=\"{&quot;background_background&quot;:&quot;classic&quot;}\">\n\t\t\t<div class=\"elementor-widget-wrap elementor-element-populated\">\n\t\t\t\t\t<div class=\"elementor-background-overlay\"><\/div>\n\t\t\t\t\t\t<div class=\"elementor-element elementor-element-412b514 elementor-widget elementor-widget-heading\" data-id=\"412b514\" data-element_type=\"widget\" data-widget_type=\"heading.default\">\n\t\t\t\t<div class=\"elementor-widget-container\">\n\t\t\t\t\t<h2 class=\"elementor-heading-title elementor-size-default\">Otros<\/h2>\t\t\t\t<\/div>\n\t\t\t\t<\/div>\n\t\t\t\t\t<\/div>\n\t\t<\/div>\n\t\t\t\t<div class=\"elementor-column elementor-col-50 elementor-top-column elementor-element elementor-element-ad7ed54\" data-id=\"ad7ed54\" data-element_type=\"column\">\n\t\t\t<div class=\"elementor-widget-wrap elementor-element-populated\">\n\t\t\t\t\t\t<div class=\"elementor-element elementor-element-124473f elementor-widget elementor-widget-text-editor\" data-id=\"124473f\" data-element_type=\"widget\" data-widget_type=\"text-editor.default\">\n\t\t\t\t<div class=\"elementor-widget-container\">\n\t\t\t\t\t\t\t\t\t<ul><li>Parrilla grande<\/li><li>Uso de algunas instalaciones del complejo Tango Mar ( con cargo extra) \u2013 restaurante, canchas de tenis, spa, golf (pero no la piscina del hotel)<\/li><li>Es una villa en una playa de un kil\u00f3metro de playa arenosa y privada galardonada con el premio Costa Rica Blue Flag por sus est\u00e1ndares ecol\u00f3gicos y su limpieza<\/li><li>Plan de comidas (extra)<\/li><li>Reservas preliminares a botes de pesca, recorridos y autos de alquiler si se desea<\/li><li>Transporte de cortes\u00eda desde y hacia el aeropuerto Tambor<\/li><li>Podemos coordinar servicio de helic\u00f3ptero<\/li><\/ul>\t\t\t\t\t\t\t\t<\/div>\n\t\t\t\t<\/div>\n\t\t\t\t\t<\/div>\n\t\t<\/div>\n\t\t\t\t\t<\/div>\n\t\t<\/section>\n\t\t\t\t<\/div>\n\t\t","protected":false},"excerpt":{"rendered":"<p>La cocina gourmet Microondas Olla el\u00e9ctrica Batidora Kitchen Aid M\u00e1quina para el caf\u00e9 M\u00e1quina para capuchino Moledor de caf\u00e9 Procesador de comidas Licuadora Cocina italiana comercial a gas con Horno Hielera port\u00e1til de acero inoxidable para bebidas y hielo Refrigerador grande de acero inoxidable Refrigerador peque\u00f1o para bebidas Cubiertos para 20 personas Ollas de cocina [&hellip;]<\/p>\n","protected":false},"author":2,"featured_media":0,"parent":0,"menu_order":0,"comment_status":"closed","ping_status":"closed","template":"elementor_header_footer","meta":{"footnotes":""},"class_list":["post-2253","page","type-page","status-publish","hentry"],"yoast_head":"<!-- This site is optimized with the Yoast SEO plugin v25.4 - https:\/\/yoast.com\/wordpress\/plugins\/seo\/ -->\n<title>Amenidades, Villa de alquiler en Playa Oceano, Tango Mar, Tambor, Pen\u00ednsula de Nicoya, Costa Rica, Caribe, Villa de alquiler<\/title>\n<meta name=\"description\" content=\"Servicios de alquiler de playa de lujo Casa Oceano: cocina gourmet, equipos de m\u00fasica, televisi\u00f3n por sat\u00e9lite premium, sistema de sonido Bose, computadora, internet, jacuzzi, piscina infinita, conserje, chef, ropa de cama de alta cantidad de hilos, plasma, televisores LCD, playa privada.\" \/>\n<meta name=\"robots\" content=\"index, follow, max-snippet:-1, max-image-preview:large, max-video-preview:-1\" \/>\n<link rel=\"canonical\" href=\"https:\/\/www.casaoceanocostarica.com\/amenities\/\" \/>\n<meta property=\"og:locale\" content=\"es_ES\" \/>\n<meta property=\"og:type\" content=\"article\" \/>\n<meta property=\"og:title\" content=\"Amenidades, Villa de alquiler en Playa Oceano, Tango Mar, Tambor, Pen\u00ednsula de Nicoya, Costa Rica, Caribe, Villa de alquiler\" \/>\n<meta property=\"og:description\" content=\"Servicios de alquiler de playa de lujo Casa Oceano: cocina gourmet, equipos de m\u00fasica, televisi\u00f3n por sat\u00e9lite premium, sistema de sonido Bose, computadora, internet, jacuzzi, piscina infinita, conserje, chef, ropa de cama de alta cantidad de hilos, plasma, televisores LCD, playa privada.\" \/>\n<meta property=\"og:url\" content=\"https:\/\/www.casaoceanocostarica.com\/amenities\/\" \/>\n<meta property=\"og:site_name\" content=\"Casa Oceano\" \/>\n<meta property=\"article:modified_time\" content=\"2019-12-14T12:05:53+00:00\" \/>\n<meta name=\"twitter:label1\" content=\"Tiempo de lectura\" \/>\n\t<meta name=\"twitter:data1\" content=\"2 minutos\" \/>\n<script type=\"application\/ld+json\" class=\"yoast-schema-graph\">{\"@context\":\"https:\/\/schema.org\",\"@graph\":[{\"@type\":\"WebPage\",\"@id\":\"https:\/\/www.casaoceanocostarica.com\/amenities\/\",\"url\":\"https:\/\/www.casaoceanocostarica.com\/amenities\/\",\"name\":\"Amenidades, Villa de alquiler en Playa Oceano, Tango Mar, Tambor, Pen\u00ednsula de Nicoya, Costa Rica, Caribe, Villa de alquiler\",\"isPartOf\":{\"@id\":\"https:\/\/www.casaoceanocostarica.com\/#website\"},\"datePublished\":\"2013-09-20T05:39:21+00:00\",\"dateModified\":\"2019-12-14T12:05:53+00:00\",\"description\":\"Servicios de alquiler de playa de lujo Casa Oceano: cocina gourmet, equipos de m\u00fasica, televisi\u00f3n por sat\u00e9lite premium, sistema de sonido Bose, computadora, internet, jacuzzi, piscina infinita, conserje, chef, ropa de cama de alta cantidad de hilos, plasma, televisores LCD, playa privada.\",\"breadcrumb\":{\"@id\":\"https:\/\/www.casaoceanocostarica.com\/amenities\/#breadcrumb\"},\"inLanguage\":\"es\",\"potentialAction\":[{\"@type\":\"ReadAction\",\"target\":[\"https:\/\/www.casaoceanocostarica.com\/amenities\/\"]}]},{\"@type\":\"BreadcrumbList\",\"@id\":\"https:\/\/www.casaoceanocostarica.com\/amenities\/#breadcrumb\",\"itemListElement\":[{\"@type\":\"ListItem\",\"position\":1,\"name\":\"Home\",\"item\":\"https:\/\/www.casaoceanocostarica.com\/es\/\"},{\"@type\":\"ListItem\",\"position\":2,\"name\":\"Comodidades\"}]},{\"@type\":\"WebSite\",\"@id\":\"https:\/\/www.casaoceanocostarica.com\/#website\",\"url\":\"https:\/\/www.casaoceanocostarica.com\/\",\"name\":\"Casa Oceano\",\"description\":\"\",\"potentialAction\":[{\"@type\":\"SearchAction\",\"target\":{\"@type\":\"EntryPoint\",\"urlTemplate\":\"https:\/\/www.casaoceanocostarica.com\/?s={search_term_string}\"},\"query-input\":{\"@type\":\"PropertyValueSpecification\",\"valueRequired\":true,\"valueName\":\"search_term_string\"}}],\"inLanguage\":\"es\"}]}<\/script>\n<!-- \/ Yoast SEO plugin. -->","yoast_head_json":{"title":"Amenidades, Villa de alquiler en Playa Oceano, Tango Mar, Tambor, Pen\u00ednsula de Nicoya, Costa Rica, Caribe, Villa de alquiler","description":"Servicios de alquiler de playa de lujo Casa Oceano: cocina gourmet, equipos de m\u00fasica, televisi\u00f3n por sat\u00e9lite premium, sistema de sonido Bose, computadora, internet, jacuzzi, piscina infinita, conserje, chef, ropa de cama de alta cantidad de hilos, plasma, televisores LCD, playa privada.","robots":{"index":"index","follow":"follow","max-snippet":"max-snippet:-1","max-image-preview":"max-image-preview:large","max-video-preview":"max-video-preview:-1"},"canonical":"https:\/\/www.casaoceanocostarica.com\/amenities\/","og_locale":"es_ES","og_type":"article","og_title":"Amenidades, Villa de alquiler en Playa Oceano, Tango Mar, Tambor, Pen\u00ednsula de Nicoya, Costa Rica, Caribe, Villa de alquiler","og_description":"Servicios de alquiler de playa de lujo Casa Oceano: cocina gourmet, equipos de m\u00fasica, televisi\u00f3n por sat\u00e9lite premium, sistema de sonido Bose, computadora, internet, jacuzzi, piscina infinita, conserje, chef, ropa de cama de alta cantidad de hilos, plasma, televisores LCD, playa privada.","og_url":"https:\/\/www.casaoceanocostarica.com\/amenities\/","og_site_name":"Casa Oceano","article_modified_time":"2019-12-14T12:05:53+00:00","twitter_misc":{"Tiempo de lectura":"2 minutos"},"schema":{"@context":"https:\/\/schema.org","@graph":[{"@type":"WebPage","@id":"https:\/\/www.casaoceanocostarica.com\/amenities\/","url":"https:\/\/www.casaoceanocostarica.com\/amenities\/","name":"Amenidades, Villa de alquiler en Playa Oceano, Tango Mar, Tambor, Pen\u00ednsula de Nicoya, Costa Rica, Caribe, Villa de alquiler","isPartOf":{"@id":"https:\/\/www.casaoceanocostarica.com\/#website"},"datePublished":"2013-09-20T05:39:21+00:00","dateModified":"2019-12-14T12:05:53+00:00","description":"Servicios de alquiler de playa de lujo Casa Oceano: cocina gourmet, equipos de m\u00fasica, televisi\u00f3n por sat\u00e9lite premium, sistema de sonido Bose, computadora, internet, jacuzzi, piscina infinita, conserje, chef, ropa de cama de alta cantidad de hilos, plasma, televisores LCD, playa privada.","breadcrumb":{"@id":"https:\/\/www.casaoceanocostarica.com\/amenities\/#breadcrumb"},"inLanguage":"es","potentialAction":[{"@type":"ReadAction","target":["https:\/\/www.casaoceanocostarica.com\/amenities\/"]}]},{"@type":"BreadcrumbList","@id":"https:\/\/www.casaoceanocostarica.com\/amenities\/#breadcrumb","itemListElement":[{"@type":"ListItem","position":1,"name":"Home","item":"https:\/\/www.casaoceanocostarica.com\/es\/"},{"@type":"ListItem","position":2,"name":"Comodidades"}]},{"@type":"WebSite","@id":"https:\/\/www.casaoceanocostarica.com\/#website","url":"https:\/\/www.casaoceanocostarica.com\/","name":"Casa Oceano","description":"","potentialAction":[{"@type":"SearchAction","target":{"@type":"EntryPoint","urlTemplate":"https:\/\/www.casaoceanocostarica.com\/?s={search_term_string}"},"query-input":{"@type":"PropertyValueSpecification","valueRequired":true,"valueName":"search_term_string"}}],"inLanguage":"es"}]}},"_links":{"self":[{"href":"https:\/\/www.casaoceanocostarica.com\/es\/wp-json\/wp\/v2\/pages\/2253","targetHints":{"allow":["GET"]}}],"collection":[{"href":"https:\/\/www.casaoceanocostarica.com\/es\/wp-json\/wp\/v2\/pages"}],"about":[{"href":"https:\/\/www.casaoceanocostarica.com\/es\/wp-json\/wp\/v2\/types\/page"}],"author":[{"embeddable":true,"href":"https:\/\/www.casaoceanocostarica.com\/es\/wp-json\/wp\/v2\/users\/2"}],"replies":[{"embeddable":true,"href":"https:\/\/www.casaoceanocostarica.com\/es\/wp-json\/wp\/v2\/comments?post=2253"}],"version-history":[{"count":0,"href":"https:\/\/www.casaoceanocostarica.com\/es\/wp-json\/wp\/v2\/pages\/2253\/revisions"}],"wp:attachment":[{"href":"https:\/\/www.casaoceanocostarica.com\/es\/wp-json\/wp\/v2\/media?parent=2253"}],"curies":[{"name":"wp","href":"https:\/\/api.w.org\/{rel}","templated":true}]}}