{"id":2293,"date":"2013-09-22T19:09:01","date_gmt":"2013-09-22T19:09:01","guid":{"rendered":"https:\/\/www.casaoceanocostarica.com\/reservations\/"},"modified":"2022-11-22T16:57:49","modified_gmt":"2022-11-22T22:57:49","slug":"reservaciones","status":"publish","type":"page","link":"https:\/\/www.casaoceanocostarica.com\/es\/reservaciones\/","title":{"rendered":"Reservaciones"},"content":{"rendered":"\t\t<div data-elementor-type=\"wp-post\" data-elementor-id=\"2293\" class=\"elementor elementor-2293 elementor-49\" data-elementor-settings=\"{&quot;element_pack_global_tooltip_width&quot;:{&quot;unit&quot;:&quot;px&quot;,&quot;size&quot;:&quot;&quot;,&quot;sizes&quot;:[]},&quot;element_pack_global_tooltip_width_tablet&quot;:{&quot;unit&quot;:&quot;px&quot;,&quot;size&quot;:&quot;&quot;,&quot;sizes&quot;:[]},&quot;element_pack_global_tooltip_width_mobile&quot;:{&quot;unit&quot;:&quot;px&quot;,&quot;size&quot;:&quot;&quot;,&quot;sizes&quot;:[]},&quot;element_pack_global_tooltip_padding&quot;:{&quot;unit&quot;:&quot;px&quot;,&quot;top&quot;:&quot;&quot;,&quot;right&quot;:&quot;&quot;,&quot;bottom&quot;:&quot;&quot;,&quot;left&quot;:&quot;&quot;,&quot;isLinked&quot;:true},&quot;element_pack_global_tooltip_padding_tablet&quot;:{&quot;unit&quot;:&quot;px&quot;,&quot;top&quot;:&quot;&quot;,&quot;right&quot;:&quot;&quot;,&quot;bottom&quot;:&quot;&quot;,&quot;left&quot;:&quot;&quot;,&quot;isLinked&quot;:true},&quot;element_pack_global_tooltip_padding_mobile&quot;:{&quot;unit&quot;:&quot;px&quot;,&quot;top&quot;:&quot;&quot;,&quot;right&quot;:&quot;&quot;,&quot;bottom&quot;:&quot;&quot;,&quot;left&quot;:&quot;&quot;,&quot;isLinked&quot;:true},&quot;element_pack_global_tooltip_border_radius&quot;:{&quot;unit&quot;:&quot;px&quot;,&quot;top&quot;:&quot;&quot;,&quot;right&quot;:&quot;&quot;,&quot;bottom&quot;:&quot;&quot;,&quot;left&quot;:&quot;&quot;,&quot;isLinked&quot;:true},&quot;element_pack_global_tooltip_border_radius_tablet&quot;:{&quot;unit&quot;:&quot;px&quot;,&quot;top&quot;:&quot;&quot;,&quot;right&quot;:&quot;&quot;,&quot;bottom&quot;:&quot;&quot;,&quot;left&quot;:&quot;&quot;,&quot;isLinked&quot;:true},&quot;element_pack_global_tooltip_border_radius_mobile&quot;:{&quot;unit&quot;:&quot;px&quot;,&quot;top&quot;:&quot;&quot;,&quot;right&quot;:&quot;&quot;,&quot;bottom&quot;:&quot;&quot;,&quot;left&quot;:&quot;&quot;,&quot;isLinked&quot;:true}}\" data-elementor-post-type=\"page\">\n\t\t\t\t\t\t<section class=\"elementor-section elementor-top-section elementor-element elementor-element-22ae2d9b elementor-section-boxed elementor-section-height-default elementor-section-height-default\" data-id=\"22ae2d9b\" data-element_type=\"section\" data-settings=\"{&quot;background_background&quot;:&quot;classic&quot;}\">\n\t\t\t\t\t\t\t<div class=\"elementor-background-overlay\"><\/div>\n\t\t\t\t\t\t\t<div class=\"elementor-container elementor-column-gap-default\">\n\t\t\t\t\t<div class=\"elementor-column elementor-col-100 elementor-top-column elementor-element elementor-element-29ffee01\" data-id=\"29ffee01\" data-element_type=\"column\">\n\t\t\t<div class=\"elementor-widget-wrap elementor-element-populated\">\n\t\t\t\t\t\t<div class=\"elementor-element elementor-element-4f495b8d elementor-widget elementor-widget-heading\" data-id=\"4f495b8d\" data-element_type=\"widget\" data-widget_type=\"heading.default\">\n\t\t\t\t<div class=\"elementor-widget-container\">\n\t\t\t\t\t<h2 class=\"elementor-heading-title elementor-size-default\">Reservaciones<\/h2>\t\t\t\t<\/div>\n\t\t\t\t<\/div>\n\t\t\t\t<div class=\"elementor-element elementor-element-4717f583 elementor-widget elementor-widget-text-editor\" data-id=\"4717f583\" data-element_type=\"widget\" data-widget_type=\"text-editor.default\">\n\t\t\t\t<div class=\"elementor-widget-container\">\n\t\t\t\t\t\t\t\t\t<p>\u00a1Ya casi lo logra!<\/p><p>Esperamos que esta informaci\u00f3n adicional responda la mayor\u00eda de sus preguntas.<\/p><p>\u00bfC\u00f3mo se disponen las habitaciones para dormir? En Casa Oc\u00e9ano pueden dormir c\u00f3modamente hasta 12 adultos; m\u00e1s si hay ni\u00f1os peque\u00f1os. Hay 6 habitaciones y 8 camas. Tres de las habitaciones disponen de jacuzzis: la suite principal, la suite secundaria, y las habitaciones del centro este. Cinco de las habitaciones tienen vista al mar.<\/p><p style=\"text-align: left;\"><a href=\"https:\/\/www.casaoceanocostarica.com\/casaoceanoroombedfloorplan\/\" rel=\"attachment wp-att-2098\"><img fetchpriority=\"high\" decoding=\"async\" class=\"aligncenter wp-image-2098 size-large\" src=\"https:\/\/www.casaoceanocostarica.com\/wp-content\/uploads\/2019\/10\/CasaOceanoRoomBedFloorPlan-1024x375.jpg\" alt=\"\" width=\"800\" height=\"293\" srcset=\"https:\/\/www.casaoceanocostarica.com\/wp-content\/uploads\/2019\/10\/CasaOceanoRoomBedFloorPlan-1024x375.jpg 1024w, https:\/\/www.casaoceanocostarica.com\/wp-content\/uploads\/2019\/10\/CasaOceanoRoomBedFloorPlan-300x110.jpg 300w, https:\/\/www.casaoceanocostarica.com\/wp-content\/uploads\/2019\/10\/CasaOceanoRoomBedFloorPlan-768x281.jpg 768w, https:\/\/www.casaoceanocostarica.com\/wp-content\/uploads\/2019\/10\/CasaOceanoRoomBedFloorPlan.jpg 1837w\" sizes=\"(max-width: 800px) 100vw, 800px\" \/><\/a><\/p><p>\u00bfSe permite fumar? Favor restringir el fumado a \u00e1reas abiertas y externas y no fume en habitaciones cerradas.<\/p><p>\u00bfSon los ni\u00f1os bienvenidos? \u00a1Claro! Casa Oc\u00e9ano es un lugar perfecto para unas vacaciones para familias con ni\u00f1os.<\/p><p>\u00bfC\u00f3mo llegamos? \u2013 La manera m\u00e1s f\u00e1cil es tomar un vuelo dom\u00e9stico desde el Aeropuerto Internacional de San Jos\u00e9, el cual dura alrededor de 18 minutos. Iremos por usted al aeropuerto de Tambor. El tiempo de viaje por tierra desde San Jos\u00e9 tomando el transbordador es de 4 horas, incluyendo 1 hora en el transbordador.<\/p><p>\u00bfTiene un plan todo incluido de comidas? \u2013Si, podemos hacer sus compras por la semana y dotarlo de su propio chef. Casa Oc\u00e9ano cuenta con una cocina gourmet con una cocina y horno comercial a gas, un refrigerador grande, lavaplatos y utensilios de cocina de calidad.<\/p><p>\u00bfPodemos usar las instalaciones del complejo? \u2013\u00a0 La mayor\u00eda de las instalaciones del complejo, como el restaurante de desayunos y cenas, el restaurante frente a la playa de almuerzos, el bar, el spa, las canchas de tenis y de golf est\u00e1n disponibles a los costos normales del complejo. Se necesitan reservar con anticipaci\u00f3n. Por favor no utilice las piscinas ya que son s\u00f3lo para hu\u00e9spedes del hotel.<\/p><p>\u00bfHay transporte local?\u00a0 \u2013 Si, hay taxis locales. Si hace recorridos, el transporte es a menudo incluido en el costo. Tambi\u00e9n podemos conseguir un c\u00f3modo transporte siempre disponible para usted con aire acondicionado y chofer por un costo fijo. Tambi\u00e9n puede rentar un auto y hacerlo llegar a la villa.<\/p><p>Sobre nosotros: Casa Oc\u00e9ano mantiene permanentemente un personal de cuatro personas quienes se encargan de cuidar la villa, pues ya que est\u00e1 muy cerca del agua, el mantenimiento es primordial.<\/p><p>Una vez, un arquitecto se hosped\u00f3 all\u00ed y no pudo determinar la edad del la casa \u00a1por lo bien que se mantiene!<\/p><p>El personal de cuatro incluye a un conserje biling\u00fce, Hansel, quien est\u00e1 disponible a todas horas pero visita la villa m\u00faltiples veces al d\u00eda para asegurarse que los hu\u00e9spedes est\u00e9n satisfechos.<\/p><p>Hansel act\u00faa como un traductor, sugiere recorridos para que los hu\u00e9spedes consideren y se quedar\u00e1 durante el d\u00eda y la noche las horas necesarias para que los hu\u00e9spedes se sientan c\u00f3modos.<\/p><p>Cuando los hu\u00e9spedes est\u00e1n all\u00ed, el servicio es de siete d\u00edas a la semana. La mucama tambi\u00e9n lavar\u00e1 la ropa sucia personal. El encargado de exteriores, Henry, da mantenimiento a la piscina, los jardines, y estar\u00e1 disponible para mover sillas hacia la playa, etc\u2026Silvia, nuestro chef, ha estado con nosotros desde hace 10 a\u00f1os y \u00a1tiene las mejores calificaciones en TripAdvisor!<\/p>\t\t\t\t\t\t\t\t<\/div>\n\t\t\t\t<\/div>\n\t\t\t\t\t<\/div>\n\t\t<\/div>\n\t\t\t\t\t<\/div>\n\t\t<\/section>\n\t\t\t\t<section class=\"elementor-section elementor-top-section elementor-element elementor-element-3db10ba light-blue-background elementor-section-boxed elementor-section-height-default elementor-section-height-default\" data-id=\"3db10ba\" data-element_type=\"section\">\n\t\t\t\t\t\t<div class=\"elementor-container elementor-column-gap-default\">\n\t\t\t\t\t<div class=\"elementor-column elementor-col-100 elementor-top-column elementor-element elementor-element-e369b96\" data-id=\"e369b96\" data-element_type=\"column\">\n\t\t\t<div class=\"elementor-widget-wrap elementor-element-populated\">\n\t\t\t\t\t\t<section class=\"elementor-section elementor-inner-section elementor-element elementor-element-7fbe852 elementor-section-boxed elementor-section-height-default elementor-section-height-default\" data-id=\"7fbe852\" data-element_type=\"section\">\n\t\t\t\t\t\t<div class=\"elementor-container elementor-column-gap-default\">\n\t\t\t\t\t<div class=\"elementor-column elementor-col-100 elementor-inner-column elementor-element elementor-element-f278303\" data-id=\"f278303\" data-element_type=\"column\">\n\t\t\t<div class=\"elementor-widget-wrap elementor-element-populated\">\n\t\t\t\t\t\t<div class=\"elementor-element elementor-element-0150bec elementor-widget elementor-widget-heading\" data-id=\"0150bec\" data-element_type=\"widget\" data-widget_type=\"heading.default\">\n\t\t\t\t<div class=\"elementor-widget-container\">\n\t\t\t\t\t<h2 class=\"elementor-heading-title elementor-size-default\">Reservation Form<\/h2>\t\t\t\t<\/div>\n\t\t\t\t<\/div>\n\t\t\t\t<div class=\"elementor-element elementor-element-971b361 elementor-widget elementor-widget-bdt-contact-form-7\" data-id=\"971b361\" data-element_type=\"widget\" data-widget_type=\"bdt-contact-form-7.default\">\n\t\t\t\t<div class=\"elementor-widget-container\">\n\t\t\t\t\t\n<div class=\"wpcf7 no-js\" id=\"wpcf7-f2360-o1\" lang=\"en-US\" dir=\"ltr\" data-wpcf7-id=\"2360\">\n<div class=\"screen-reader-response\"><p role=\"status\" aria-live=\"polite\" aria-atomic=\"true\"><\/p> <ul><\/ul><\/div>\n<form action=\"\/es\/wp-json\/wp\/v2\/pages\/2293#wpcf7-f2360-o1\" method=\"post\" class=\"wpcf7-form init\" aria-label=\"Contact form\" novalidate=\"novalidate\" data-status=\"init\">\n<fieldset class=\"hidden-fields-container\"><input type=\"hidden\" name=\"_wpcf7\" value=\"2360\" \/><input type=\"hidden\" name=\"_wpcf7_version\" value=\"6.1\" \/><input type=\"hidden\" name=\"_wpcf7_locale\" value=\"en_US\" \/><input type=\"hidden\" name=\"_wpcf7_unit_tag\" value=\"wpcf7-f2360-o1\" \/><input type=\"hidden\" name=\"_wpcf7_container_post\" value=\"0\" \/><input type=\"hidden\" name=\"_wpcf7_posted_data_hash\" value=\"\" \/><input type=\"hidden\" name=\"_wpcf7_recaptcha_response\" value=\"\" \/>\n<\/fieldset>\n<p><label> PrimerNombre*<br \/>\n<span class=\"wpcf7-form-control-wrap\" data-name=\"your-name\"><input size=\"40\" maxlength=\"400\" class=\"wpcf7-form-control wpcf7-text wpcf7-validates-as-required\" aria-required=\"true\" aria-invalid=\"false\" value=\"\" type=\"text\" name=\"your-name\" \/><\/span> <\/label>\n<\/p>\n<p><label> PrimerApellido*<br \/>\n<span class=\"wpcf7-form-control-wrap\" data-name=\"last-name\"><input size=\"40\" maxlength=\"400\" class=\"wpcf7-form-control wpcf7-text wpcf7-validates-as-required\" aria-required=\"true\" aria-invalid=\"false\" value=\"\" type=\"text\" name=\"last-name\" \/><\/span> <\/label>\n<\/p>\n<p><label> Correo*<br \/>\n<span class=\"wpcf7-form-control-wrap\" data-name=\"your-email\"><input size=\"40\" maxlength=\"400\" class=\"wpcf7-form-control wpcf7-email wpcf7-validates-as-required wpcf7-text wpcf7-validates-as-email\" aria-required=\"true\" aria-invalid=\"false\" value=\"\" type=\"email\" name=\"your-email\" \/><\/span> <\/label>\n<\/p>\n<p><label>Tel\u00e9fono<br \/>\n<span class=\"wpcf7-form-control-wrap\" data-name=\"phone\"><input size=\"40\" maxlength=\"400\" class=\"wpcf7-form-control wpcf7-tel wpcf7-text wpcf7-validates-as-tel\" aria-invalid=\"false\" value=\"\" type=\"tel\" name=\"phone\" \/><\/span><\/label>\n<\/p>\n<p><label>Fecha de llegada<br \/>\n<span class=\"wpcf7-form-control-wrap\" data-name=\"arrival-date\"><input size=\"40\" maxlength=\"400\" class=\"wpcf7-form-control wpcf7-text\" aria-invalid=\"false\" value=\"\" type=\"text\" name=\"arrival-date\" \/><\/span><\/label>\n<\/p>\n<p><label>Fecha de salida<br \/>\n<span class=\"wpcf7-form-control-wrap\" data-name=\"depature-date\"><input size=\"40\" maxlength=\"400\" class=\"wpcf7-form-control wpcf7-text\" aria-invalid=\"false\" value=\"\" type=\"text\" name=\"depature-date\" \/><\/span><\/label>\n<\/p>\n<p><label> Preguntas \/ Comentarios<br \/>\n<span class=\"wpcf7-form-control-wrap\" data-name=\"your-message\"><textarea cols=\"40\" rows=\"10\" maxlength=\"2000\" class=\"wpcf7-form-control wpcf7-textarea\" aria-invalid=\"false\" name=\"your-message\"><\/textarea><\/span> <\/label>\n<\/p>\n<p><input class=\"wpcf7-form-control wpcf7-submit has-spinner\" type=\"submit\" value=\"Send\" \/>\n<\/p><div class=\"wpcf7-response-output\" aria-hidden=\"true\"><\/div>\n<\/form>\n<\/div>\n\t\t\t\t<\/div>\n\t\t\t\t<\/div>\n\t\t\t\t\t<\/div>\n\t\t<\/div>\n\t\t\t\t\t<\/div>\n\t\t<\/section>\n\t\t\t\t\t<\/div>\n\t\t<\/div>\n\t\t\t\t\t<\/div>\n\t\t<\/section>\n\t\t\t\t<section class=\"elementor-section elementor-top-section elementor-element elementor-element-21872a8 elementor-section-boxed elementor-section-height-default elementor-section-height-default\" data-id=\"21872a8\" data-element_type=\"section\">\n\t\t\t\t\t\t<div class=\"elementor-container elementor-column-gap-default\">\n\t\t\t\t\t<div class=\"elementor-column elementor-col-100 elementor-top-column elementor-element elementor-element-798ccc6\" data-id=\"798ccc6\" data-element_type=\"column\">\n\t\t\t<div class=\"elementor-widget-wrap\">\n\t\t\t\t\t\t\t<\/div>\n\t\t<\/div>\n\t\t\t\t\t<\/div>\n\t\t<\/section>\n\t\t\t\t<\/div>\n\t\t","protected":false},"excerpt":{"rendered":"<p>Reservaciones \u00a1Ya casi lo logra! Esperamos que esta informaci\u00f3n adicional responda la mayor\u00eda de sus preguntas. \u00bfC\u00f3mo se disponen las habitaciones para dormir? En Casa Oc\u00e9ano pueden dormir c\u00f3modamente hasta 12 adultos; m\u00e1s si hay ni\u00f1os peque\u00f1os. Hay 6 habitaciones y 8 camas. Tres de las habitaciones disponen de jacuzzis: la suite principal, la suite [&hellip;]<\/p>\n","protected":false},"author":2,"featured_media":0,"parent":0,"menu_order":0,"comment_status":"closed","ping_status":"closed","template":"elementor_header_footer","meta":{"footnotes":""},"class_list":["post-2293","page","type-page","status-publish","hentry"],"yoast_head":"<!-- This site is optimized with the Yoast SEO plugin v25.4 - https:\/\/yoast.com\/wordpress\/plugins\/seo\/ -->\n<title>Informaci\u00f3n \/ Reservas para el alquiler de la playa Casa Oceano, una casa \/ villa de playa en Costa Rica en Tango Mar Resort, Tambor, Pen\u00ednsula de Nicoya, Costa Rica<\/title>\n<meta name=\"description\" content=\"Reserva e informaci\u00f3n sobre el alquiler de vacaciones Casa Oceano, un alquiler de vacaciones en la playa ubicado en la playa de Tango Mar, Costa Rica, uno de los mejores alquileres de playa en el mundo para sus vacaciones familiares, lugar de boda, escapada rom\u00e1ntica o luna de miel exclusiva.\" \/>\n<meta name=\"robots\" content=\"index, follow, max-snippet:-1, max-image-preview:large, max-video-preview:-1\" \/>\n<link rel=\"canonical\" href=\"https:\/\/www.casaoceanocostarica.com\/es\/reservaciones\/\" \/>\n<meta property=\"og:locale\" content=\"es_ES\" \/>\n<meta property=\"og:type\" content=\"article\" \/>\n<meta property=\"og:title\" content=\"Informaci\u00f3n \/ Reservas para el alquiler de la playa Casa Oceano, una casa \/ villa de playa en Costa Rica en Tango Mar Resort, Tambor, Pen\u00ednsula de Nicoya, Costa Rica\" \/>\n<meta property=\"og:description\" content=\"Reserva e informaci\u00f3n sobre el alquiler de vacaciones Casa Oceano, un alquiler de vacaciones en la playa ubicado en la playa de Tango Mar, Costa Rica, uno de los mejores alquileres de playa en el mundo para sus vacaciones familiares, lugar de boda, escapada rom\u00e1ntica o luna de miel exclusiva.\" \/>\n<meta property=\"og:url\" content=\"https:\/\/www.casaoceanocostarica.com\/es\/reservaciones\/\" \/>\n<meta property=\"og:site_name\" content=\"Casa Oceano\" \/>\n<meta property=\"article:modified_time\" content=\"2022-11-22T22:57:49+00:00\" \/>\n<meta property=\"og:image\" content=\"https:\/\/www.casaoceanocostarica.com\/wp-content\/uploads\/2019\/10\/CasaOceanoRoomBedFloorPlan-1024x375.jpg\" \/>\n<meta name=\"twitter:label1\" content=\"Tiempo de lectura\" \/>\n\t<meta name=\"twitter:data1\" content=\"3 minutos\" \/>\n<script type=\"application\/ld+json\" class=\"yoast-schema-graph\">{\"@context\":\"https:\/\/schema.org\",\"@graph\":[{\"@type\":\"WebPage\",\"@id\":\"https:\/\/www.casaoceanocostarica.com\/es\/reservaciones\/\",\"url\":\"https:\/\/www.casaoceanocostarica.com\/es\/reservaciones\/\",\"name\":\"Informaci\u00f3n \/ Reservas para el alquiler de la playa Casa Oceano, una casa \/ villa de playa en Costa Rica en Tango Mar Resort, Tambor, Pen\u00ednsula de Nicoya, Costa Rica\",\"isPartOf\":{\"@id\":\"https:\/\/www.casaoceanocostarica.com\/#website\"},\"primaryImageOfPage\":{\"@id\":\"https:\/\/www.casaoceanocostarica.com\/es\/reservaciones\/#primaryimage\"},\"image\":{\"@id\":\"https:\/\/www.casaoceanocostarica.com\/es\/reservaciones\/#primaryimage\"},\"thumbnailUrl\":\"https:\/\/www.casaoceanocostarica.com\/wp-content\/uploads\/2019\/10\/CasaOceanoRoomBedFloorPlan-1024x375.jpg\",\"datePublished\":\"2013-09-22T19:09:01+00:00\",\"dateModified\":\"2022-11-22T22:57:49+00:00\",\"description\":\"Reserva e informaci\u00f3n sobre el alquiler de vacaciones Casa Oceano, un alquiler de vacaciones en la playa ubicado en la playa de Tango Mar, Costa Rica, uno de los mejores alquileres de playa en el mundo para sus vacaciones familiares, lugar de boda, escapada rom\u00e1ntica o luna de miel exclusiva.\",\"breadcrumb\":{\"@id\":\"https:\/\/www.casaoceanocostarica.com\/es\/reservaciones\/#breadcrumb\"},\"inLanguage\":\"es\",\"potentialAction\":[{\"@type\":\"ReadAction\",\"target\":[\"https:\/\/www.casaoceanocostarica.com\/es\/reservaciones\/\"]}]},{\"@type\":\"ImageObject\",\"inLanguage\":\"es\",\"@id\":\"https:\/\/www.casaoceanocostarica.com\/es\/reservaciones\/#primaryimage\",\"url\":\"https:\/\/www.casaoceanocostarica.com\/wp-content\/uploads\/2019\/10\/CasaOceanoRoomBedFloorPlan-1024x375.jpg\",\"contentUrl\":\"https:\/\/www.casaoceanocostarica.com\/wp-content\/uploads\/2019\/10\/CasaOceanoRoomBedFloorPlan-1024x375.jpg\"},{\"@type\":\"BreadcrumbList\",\"@id\":\"https:\/\/www.casaoceanocostarica.com\/es\/reservaciones\/#breadcrumb\",\"itemListElement\":[{\"@type\":\"ListItem\",\"position\":1,\"name\":\"Home\",\"item\":\"https:\/\/www.casaoceanocostarica.com\/es\/\"},{\"@type\":\"ListItem\",\"position\":2,\"name\":\"Reservaciones\"}]},{\"@type\":\"WebSite\",\"@id\":\"https:\/\/www.casaoceanocostarica.com\/#website\",\"url\":\"https:\/\/www.casaoceanocostarica.com\/\",\"name\":\"Casa Oceano\",\"description\":\"\",\"potentialAction\":[{\"@type\":\"SearchAction\",\"target\":{\"@type\":\"EntryPoint\",\"urlTemplate\":\"https:\/\/www.casaoceanocostarica.com\/?s={search_term_string}\"},\"query-input\":{\"@type\":\"PropertyValueSpecification\",\"valueRequired\":true,\"valueName\":\"search_term_string\"}}],\"inLanguage\":\"es\"}]}<\/script>\n<!-- \/ Yoast SEO plugin. -->","yoast_head_json":{"title":"Informaci\u00f3n \/ Reservas para el alquiler de la playa Casa Oceano, una casa \/ villa de playa en Costa Rica en Tango Mar Resort, Tambor, Pen\u00ednsula de Nicoya, Costa Rica","description":"Reserva e informaci\u00f3n sobre el alquiler de vacaciones Casa Oceano, un alquiler de vacaciones en la playa ubicado en la playa de Tango Mar, Costa Rica, uno de los mejores alquileres de playa en el mundo para sus vacaciones familiares, lugar de boda, escapada rom\u00e1ntica o luna de miel exclusiva.","robots":{"index":"index","follow":"follow","max-snippet":"max-snippet:-1","max-image-preview":"max-image-preview:large","max-video-preview":"max-video-preview:-1"},"canonical":"https:\/\/www.casaoceanocostarica.com\/es\/reservaciones\/","og_locale":"es_ES","og_type":"article","og_title":"Informaci\u00f3n \/ Reservas para el alquiler de la playa Casa Oceano, una casa \/ villa de playa en Costa Rica en Tango Mar Resort, Tambor, Pen\u00ednsula de Nicoya, Costa Rica","og_description":"Reserva e informaci\u00f3n sobre el alquiler de vacaciones Casa Oceano, un alquiler de vacaciones en la playa ubicado en la playa de Tango Mar, Costa Rica, uno de los mejores alquileres de playa en el mundo para sus vacaciones familiares, lugar de boda, escapada rom\u00e1ntica o luna de miel exclusiva.","og_url":"https:\/\/www.casaoceanocostarica.com\/es\/reservaciones\/","og_site_name":"Casa Oceano","article_modified_time":"2022-11-22T22:57:49+00:00","og_image":[{"url":"https:\/\/www.casaoceanocostarica.com\/wp-content\/uploads\/2019\/10\/CasaOceanoRoomBedFloorPlan-1024x375.jpg","type":"","width":"","height":""}],"twitter_misc":{"Tiempo de lectura":"3 minutos"},"schema":{"@context":"https:\/\/schema.org","@graph":[{"@type":"WebPage","@id":"https:\/\/www.casaoceanocostarica.com\/es\/reservaciones\/","url":"https:\/\/www.casaoceanocostarica.com\/es\/reservaciones\/","name":"Informaci\u00f3n \/ Reservas para el alquiler de la playa Casa Oceano, una casa \/ villa de playa en Costa Rica en Tango Mar Resort, Tambor, Pen\u00ednsula de Nicoya, Costa Rica","isPartOf":{"@id":"https:\/\/www.casaoceanocostarica.com\/#website"},"primaryImageOfPage":{"@id":"https:\/\/www.casaoceanocostarica.com\/es\/reservaciones\/#primaryimage"},"image":{"@id":"https:\/\/www.casaoceanocostarica.com\/es\/reservaciones\/#primaryimage"},"thumbnailUrl":"https:\/\/www.casaoceanocostarica.com\/wp-content\/uploads\/2019\/10\/CasaOceanoRoomBedFloorPlan-1024x375.jpg","datePublished":"2013-09-22T19:09:01+00:00","dateModified":"2022-11-22T22:57:49+00:00","description":"Reserva e informaci\u00f3n sobre el alquiler de vacaciones Casa Oceano, un alquiler de vacaciones en la playa ubicado en la playa de Tango Mar, Costa Rica, uno de los mejores alquileres de playa en el mundo para sus vacaciones familiares, lugar de boda, escapada rom\u00e1ntica o luna de miel exclusiva.","breadcrumb":{"@id":"https:\/\/www.casaoceanocostarica.com\/es\/reservaciones\/#breadcrumb"},"inLanguage":"es","potentialAction":[{"@type":"ReadAction","target":["https:\/\/www.casaoceanocostarica.com\/es\/reservaciones\/"]}]},{"@type":"ImageObject","inLanguage":"es","@id":"https:\/\/www.casaoceanocostarica.com\/es\/reservaciones\/#primaryimage","url":"https:\/\/www.casaoceanocostarica.com\/wp-content\/uploads\/2019\/10\/CasaOceanoRoomBedFloorPlan-1024x375.jpg","contentUrl":"https:\/\/www.casaoceanocostarica.com\/wp-content\/uploads\/2019\/10\/CasaOceanoRoomBedFloorPlan-1024x375.jpg"},{"@type":"BreadcrumbList","@id":"https:\/\/www.casaoceanocostarica.com\/es\/reservaciones\/#breadcrumb","itemListElement":[{"@type":"ListItem","position":1,"name":"Home","item":"https:\/\/www.casaoceanocostarica.com\/es\/"},{"@type":"ListItem","position":2,"name":"Reservaciones"}]},{"@type":"WebSite","@id":"https:\/\/www.casaoceanocostarica.com\/#website","url":"https:\/\/www.casaoceanocostarica.com\/","name":"Casa Oceano","description":"","potentialAction":[{"@type":"SearchAction","target":{"@type":"EntryPoint","urlTemplate":"https:\/\/www.casaoceanocostarica.com\/?s={search_term_string}"},"query-input":{"@type":"PropertyValueSpecification","valueRequired":true,"valueName":"search_term_string"}}],"inLanguage":"es"}]}},"_links":{"self":[{"href":"https:\/\/www.casaoceanocostarica.com\/es\/wp-json\/wp\/v2\/pages\/2293","targetHints":{"allow":["GET"]}}],"collection":[{"href":"https:\/\/www.casaoceanocostarica.com\/es\/wp-json\/wp\/v2\/pages"}],"about":[{"href":"https:\/\/www.casaoceanocostarica.com\/es\/wp-json\/wp\/v2\/types\/page"}],"author":[{"embeddable":true,"href":"https:\/\/www.casaoceanocostarica.com\/es\/wp-json\/wp\/v2\/users\/2"}],"replies":[{"embeddable":true,"href":"https:\/\/www.casaoceanocostarica.com\/es\/wp-json\/wp\/v2\/comments?post=2293"}],"version-history":[{"count":27,"href":"https:\/\/www.casaoceanocostarica.com\/es\/wp-json\/wp\/v2\/pages\/2293\/revisions"}],"predecessor-version":[{"id":2813,"href":"https:\/\/www.casaoceanocostarica.com\/es\/wp-json\/wp\/v2\/pages\/2293\/revisions\/2813"}],"wp:attachment":[{"href":"https:\/\/www.casaoceanocostarica.com\/es\/wp-json\/wp\/v2\/media?parent=2293"}],"curies":[{"name":"wp","href":"https:\/\/api.w.org\/{rel}","templated":true}]}}